{"id":2437,"date":"2015-11-23T12:07:24","date_gmt":"2015-11-23T11:07:24","guid":{"rendered":"http:\/\/dev.lindquistheating.se\/?page_id=2437"},"modified":"2024-09-09T09:44:18","modified_gmt":"2024-09-09T07:44:18","slug":"guarantees","status":"publish","type":"page","link":"https:\/\/www.lindquistheating.se\/en\/products\/guarantees\/","title":{"rendered":"Guarantees"},"content":{"rendered":"<div class=\"wpb-content-wrapper\"><p>[vc_row css=&#8221;.vc_custom_1725525026906{padding-right: 60px !important;padding-left: 60px !important;}&#8221; woodmart_css_id=&#8221;66d96c1da708d&#8221; responsive_spacing=&#8221;eyJwYXJhbV90eXBlIjoid29vZG1hcnRfcmVzcG9uc2l2ZV9zcGFjaW5nIiwic2VsZWN0b3JfaWQiOiI2NmQ5NmMxZGE3MDhkIiwic2hvcnRjb2RlIjoidmNfcm93IiwiZGF0YSI6eyJ0YWJsZXQiOnt9LCJtb2JpbGUiOnsicGFkZGluZy1yaWdodCI6IjEwIiwicGFkZGluZy1sZWZ0IjoiMTAifX19&#8243; mobile_bg_img_hidden=&#8221;no&#8221; tablet_bg_img_hidden=&#8221;no&#8221; woodmart_parallax=&#8221;0&#8243; woodmart_gradient_switch=&#8221;no&#8221; woodmart_box_shadow=&#8221;no&#8221; wd_z_index=&#8221;no&#8221; woodmart_disable_overflow=&#8221;0&#8243; row_reverse_mobile=&#8221;0&#8243; row_reverse_tablet=&#8221;0&#8243;][vc_column][vc_column_text]<\/p>\n<h2>Guarantees<\/h2>\n<p>We provide a 5 year guarantee for all our boilers.*<br \/>\n<i>(* when connecting Laddomat 21 or equivalent charging unit)<\/i>[\/vc_column_text][\/vc_column][\/vc_row]<\/p>\n<\/div>","protected":false},"excerpt":{"rendered":"<p>[vc_row css=&#8221;.vc_custom_1725525026906{padding-right: 60px !important;padding-left: 60px !important;}&#8221; woodmart_css_id=&#8221;66d96c1da708d&#8221; responsive_spacing=&#8221;eyJwYXJhbV90eXBlIjoid29vZG1hcnRfcmVzcG9uc2l2ZV9zcGFjaW5nIiwic2VsZWN0b3JfaWQiOiI2NmQ5NmMxZGE3MDhkIiwic2hvcnRjb2RlIjoidmNfcm93IiwiZGF0YSI6eyJ0YWJsZXQiOnt9LCJtb2JpbGUiOnsicGFkZGluZy1yaWdodCI6IjEwIiwicGFkZGluZy1sZWZ0IjoiMTAifX19&#8243; mobile_bg_img_hidden=&#8221;no&#8221; tablet_bg_img_hidden=&#8221;no&#8221; woodmart_parallax=&#8221;0&#8243; woodmart_gradient_switch=&#8221;no&#8221; woodmart_box_shadow=&#8221;no&#8221; wd_z_index=&#8221;no&#8221; woodmart_disable_overflow=&#8221;0&#8243; row_reverse_mobile=&#8221;0&#8243; row_reverse_tablet=&#8221;0&#8243;][vc_column][vc_column_text] Guarantees We provide<\/p>\n","protected":false},"author":8,"featured_media":0,"parent":2328,"menu_order":4,"comment_status":"closed","ping_status":"closed","template":"","meta":{"_acf_changed":false,"footnotes":""},"class_list":["post-2437","page","type-page","status-publish","hentry"],"acf":[],"yoast_head":"<!-- This site is optimized with the Yoast SEO plugin v27.4 - https:\/\/yoast.com\/product\/yoast-seo-wordpress\/ -->\n<title>Guarantees - Lindquist Heating AB<\/title>\n<meta name=\"robots\" content=\"index, follow, max-snippet:-1, max-image-preview:large, max-video-preview:-1\" \/>\n<link rel=\"canonical\" href=\"https:\/\/www.lindquistheating.se\/en\/products\/guarantees\/\" \/>\n<meta property=\"og:locale\" content=\"en_US\" \/>\n<meta property=\"og:type\" content=\"article\" \/>\n<meta property=\"og:title\" content=\"Guarantees - Lindquist Heating AB\" \/>\n<meta property=\"og:description\" content=\"[vc_row css=&#8221;.vc_custom_1725525026906{padding-right: 60px !important;padding-left: 60px !important;}&#8221; woodmart_css_id=&#8221;66d96c1da708d&#8221; responsive_spacing=&#8221;eyJwYXJhbV90eXBlIjoid29vZG1hcnRfcmVzcG9uc2l2ZV9zcGFjaW5nIiwic2VsZWN0b3JfaWQiOiI2NmQ5NmMxZGE3MDhkIiwic2hvcnRjb2RlIjoidmNfcm93IiwiZGF0YSI6eyJ0YWJsZXQiOnt9LCJtb2JpbGUiOnsicGFkZGluZy1yaWdodCI6IjEwIiwicGFkZGluZy1sZWZ0IjoiMTAifX19&#8243; mobile_bg_img_hidden=&#8221;no&#8221; tablet_bg_img_hidden=&#8221;no&#8221; woodmart_parallax=&#8221;0&#8243; woodmart_gradient_switch=&#8221;no&#8221; woodmart_box_shadow=&#8221;no&#8221; wd_z_index=&#8221;no&#8221; woodmart_disable_overflow=&#8221;0&#8243; row_reverse_mobile=&#8221;0&#8243; row_reverse_tablet=&#8221;0&#8243;][vc_column][vc_column_text] Guarantees We provide\" \/>\n<meta property=\"og:url\" content=\"https:\/\/www.lindquistheating.se\/en\/products\/guarantees\/\" \/>\n<meta property=\"og:site_name\" content=\"Lindquist Heating AB\" \/>\n<meta property=\"article:modified_time\" content=\"2024-09-09T07:44:18+00:00\" \/>\n<meta name=\"twitter:card\" content=\"summary_large_image\" \/>\n<meta name=\"twitter:label1\" content=\"Est. reading time\" \/>\n\t<meta name=\"twitter:data1\" content=\"1 minute\" \/>\n<script type=\"application\/ld+json\" class=\"yoast-schema-graph\">{\"@context\":\"https:\\\/\\\/schema.org\",\"@graph\":[{\"@type\":\"WebPage\",\"@id\":\"https:\\\/\\\/www.lindquistheating.se\\\/en\\\/products\\\/guarantees\\\/\",\"url\":\"https:\\\/\\\/www.lindquistheating.se\\\/en\\\/products\\\/guarantees\\\/\",\"name\":\"Guarantees - Lindquist Heating AB\",\"isPartOf\":{\"@id\":\"https:\\\/\\\/www.lindquistheating.se\\\/#website\"},\"datePublished\":\"2015-11-23T11:07:24+00:00\",\"dateModified\":\"2024-09-09T07:44:18+00:00\",\"breadcrumb\":{\"@id\":\"https:\\\/\\\/www.lindquistheating.se\\\/en\\\/products\\\/guarantees\\\/#breadcrumb\"},\"inLanguage\":\"en-US\",\"potentialAction\":[{\"@type\":\"ReadAction\",\"target\":[\"https:\\\/\\\/www.lindquistheating.se\\\/en\\\/products\\\/guarantees\\\/\"]}]},{\"@type\":\"BreadcrumbList\",\"@id\":\"https:\\\/\\\/www.lindquistheating.se\\\/en\\\/products\\\/guarantees\\\/#breadcrumb\",\"itemListElement\":[{\"@type\":\"ListItem\",\"position\":1,\"name\":\"Hem\",\"item\":\"https:\\\/\\\/www.lindquistheating.se\\\/en\\\/\"},{\"@type\":\"ListItem\",\"position\":2,\"name\":\"Products\",\"item\":\"https:\\\/\\\/www.lindquistheating.se\\\/en\\\/products\\\/\"},{\"@type\":\"ListItem\",\"position\":3,\"name\":\"Guarantees\"}]},{\"@type\":\"WebSite\",\"@id\":\"https:\\\/\\\/www.lindquistheating.se\\\/#website\",\"url\":\"https:\\\/\\\/www.lindquistheating.se\\\/\",\"name\":\"Lindquist Heating AB\",\"description\":\"&quot;N\u00e4r pris och livsl\u00e4ngd f\u00e5r avg\u00f6ra&quot;\",\"publisher\":{\"@id\":\"https:\\\/\\\/www.lindquistheating.se\\\/#organization\"},\"potentialAction\":[{\"@type\":\"SearchAction\",\"target\":{\"@type\":\"EntryPoint\",\"urlTemplate\":\"https:\\\/\\\/www.lindquistheating.se\\\/?s={search_term_string}\"},\"query-input\":{\"@type\":\"PropertyValueSpecification\",\"valueRequired\":true,\"valueName\":\"search_term_string\"}}],\"inLanguage\":\"en-US\"},{\"@type\":\"Organization\",\"@id\":\"https:\\\/\\\/www.lindquistheating.se\\\/#organization\",\"name\":\"Lindquist Heating AB\",\"url\":\"https:\\\/\\\/www.lindquistheating.se\\\/\",\"logo\":{\"@type\":\"ImageObject\",\"inLanguage\":\"en-US\",\"@id\":\"https:\\\/\\\/www.lindquistheating.se\\\/#\\\/schema\\\/logo\\\/image\\\/\",\"url\":\"https:\\\/\\\/www.lindquistheating.se\\\/wp-content\\\/uploads\\\/2020\\\/03\\\/lindquistheating-logo.png\",\"contentUrl\":\"https:\\\/\\\/www.lindquistheating.se\\\/wp-content\\\/uploads\\\/2020\\\/03\\\/lindquistheating-logo.png\",\"width\":320,\"height\":64,\"caption\":\"Lindquist Heating AB\"},\"image\":{\"@id\":\"https:\\\/\\\/www.lindquistheating.se\\\/#\\\/schema\\\/logo\\\/image\\\/\"}}]}<\/script>\n<!-- \/ Yoast SEO plugin. -->","yoast_head_json":{"title":"Guarantees - Lindquist Heating AB","robots":{"index":"index","follow":"follow","max-snippet":"max-snippet:-1","max-image-preview":"max-image-preview:large","max-video-preview":"max-video-preview:-1"},"canonical":"https:\/\/www.lindquistheating.se\/en\/products\/guarantees\/","og_locale":"en_US","og_type":"article","og_title":"Guarantees - Lindquist Heating AB","og_description":"[vc_row css=&#8221;.vc_custom_1725525026906{padding-right: 60px !important;padding-left: 60px !important;}&#8221; woodmart_css_id=&#8221;66d96c1da708d&#8221; responsive_spacing=&#8221;eyJwYXJhbV90eXBlIjoid29vZG1hcnRfcmVzcG9uc2l2ZV9zcGFjaW5nIiwic2VsZWN0b3JfaWQiOiI2NmQ5NmMxZGE3MDhkIiwic2hvcnRjb2RlIjoidmNfcm93IiwiZGF0YSI6eyJ0YWJsZXQiOnt9LCJtb2JpbGUiOnsicGFkZGluZy1yaWdodCI6IjEwIiwicGFkZGluZy1sZWZ0IjoiMTAifX19&#8243; mobile_bg_img_hidden=&#8221;no&#8221; tablet_bg_img_hidden=&#8221;no&#8221; woodmart_parallax=&#8221;0&#8243; woodmart_gradient_switch=&#8221;no&#8221; woodmart_box_shadow=&#8221;no&#8221; wd_z_index=&#8221;no&#8221; woodmart_disable_overflow=&#8221;0&#8243; row_reverse_mobile=&#8221;0&#8243; row_reverse_tablet=&#8221;0&#8243;][vc_column][vc_column_text] Guarantees We provide","og_url":"https:\/\/www.lindquistheating.se\/en\/products\/guarantees\/","og_site_name":"Lindquist Heating AB","article_modified_time":"2024-09-09T07:44:18+00:00","twitter_card":"summary_large_image","twitter_misc":{"Est. reading time":"1 minute"},"schema":{"@context":"https:\/\/schema.org","@graph":[{"@type":"WebPage","@id":"https:\/\/www.lindquistheating.se\/en\/products\/guarantees\/","url":"https:\/\/www.lindquistheating.se\/en\/products\/guarantees\/","name":"Guarantees - Lindquist Heating AB","isPartOf":{"@id":"https:\/\/www.lindquistheating.se\/#website"},"datePublished":"2015-11-23T11:07:24+00:00","dateModified":"2024-09-09T07:44:18+00:00","breadcrumb":{"@id":"https:\/\/www.lindquistheating.se\/en\/products\/guarantees\/#breadcrumb"},"inLanguage":"en-US","potentialAction":[{"@type":"ReadAction","target":["https:\/\/www.lindquistheating.se\/en\/products\/guarantees\/"]}]},{"@type":"BreadcrumbList","@id":"https:\/\/www.lindquistheating.se\/en\/products\/guarantees\/#breadcrumb","itemListElement":[{"@type":"ListItem","position":1,"name":"Hem","item":"https:\/\/www.lindquistheating.se\/en\/"},{"@type":"ListItem","position":2,"name":"Products","item":"https:\/\/www.lindquistheating.se\/en\/products\/"},{"@type":"ListItem","position":3,"name":"Guarantees"}]},{"@type":"WebSite","@id":"https:\/\/www.lindquistheating.se\/#website","url":"https:\/\/www.lindquistheating.se\/","name":"Lindquist Heating AB","description":"&quot;N\u00e4r pris och livsl\u00e4ngd f\u00e5r avg\u00f6ra&quot;","publisher":{"@id":"https:\/\/www.lindquistheating.se\/#organization"},"potentialAction":[{"@type":"SearchAction","target":{"@type":"EntryPoint","urlTemplate":"https:\/\/www.lindquistheating.se\/?s={search_term_string}"},"query-input":{"@type":"PropertyValueSpecification","valueRequired":true,"valueName":"search_term_string"}}],"inLanguage":"en-US"},{"@type":"Organization","@id":"https:\/\/www.lindquistheating.se\/#organization","name":"Lindquist Heating AB","url":"https:\/\/www.lindquistheating.se\/","logo":{"@type":"ImageObject","inLanguage":"en-US","@id":"https:\/\/www.lindquistheating.se\/#\/schema\/logo\/image\/","url":"https:\/\/www.lindquistheating.se\/wp-content\/uploads\/2020\/03\/lindquistheating-logo.png","contentUrl":"https:\/\/www.lindquistheating.se\/wp-content\/uploads\/2020\/03\/lindquistheating-logo.png","width":320,"height":64,"caption":"Lindquist Heating AB"},"image":{"@id":"https:\/\/www.lindquistheating.se\/#\/schema\/logo\/image\/"}}]}},"_links":{"self":[{"href":"https:\/\/www.lindquistheating.se\/en\/wp-json\/wp\/v2\/pages\/2437","targetHints":{"allow":["GET"]}}],"collection":[{"href":"https:\/\/www.lindquistheating.se\/en\/wp-json\/wp\/v2\/pages"}],"about":[{"href":"https:\/\/www.lindquistheating.se\/en\/wp-json\/wp\/v2\/types\/page"}],"author":[{"embeddable":true,"href":"https:\/\/www.lindquistheating.se\/en\/wp-json\/wp\/v2\/users\/8"}],"replies":[{"embeddable":true,"href":"https:\/\/www.lindquistheating.se\/en\/wp-json\/wp\/v2\/comments?post=2437"}],"version-history":[{"count":2,"href":"https:\/\/www.lindquistheating.se\/en\/wp-json\/wp\/v2\/pages\/2437\/revisions"}],"predecessor-version":[{"id":11662,"href":"https:\/\/www.lindquistheating.se\/en\/wp-json\/wp\/v2\/pages\/2437\/revisions\/11662"}],"up":[{"embeddable":true,"href":"https:\/\/www.lindquistheating.se\/en\/wp-json\/wp\/v2\/pages\/2328"}],"wp:attachment":[{"href":"https:\/\/www.lindquistheating.se\/en\/wp-json\/wp\/v2\/media?parent=2437"}],"curies":[{"name":"wp","href":"https:\/\/api.w.org\/{rel}","templated":true}]}}