{"id":2400,"date":"2015-11-23T11:57:05","date_gmt":"2015-11-23T10:57:05","guid":{"rendered":"http:\/\/dev.lindquistheating.se\/?page_id=2400"},"modified":"2024-09-09T09:43:33","modified_gmt":"2024-09-09T07:43:33","slug":"pellet-burners-spare-parts","status":"publish","type":"page","link":"https:\/\/www.lindquistheating.se\/en\/products\/pellet-burner\/pellet-burners-spare-parts\/","title":{"rendered":"Pellet burners, spare parts"},"content":{"rendered":"<div class=\"wpb-content-wrapper\"><p>[vc_section full_width=&#8221;stretch_row&#8221; el_class=&#8221;mobile-bg-img-hidden&#8221; css=&#8221;.vc_custom_1537426708115{padding-top: 0px !important;padding-bottom: 0px !important;background-color: #ffffff !important;background-position: center !important;background-repeat: no-repeat !important;background-size: cover !important;}&#8221;][vc_row content_placement=&#8221;middle&#8221; css=&#8221;.vc_custom_1537426173371{margin-bottom: 0px !important;}&#8221;][vc_column width=&#8221;1\/4&#8243; woodmart_color_scheme=&#8221;light&#8221; css=&#8221;.vc_custom_1537345811838{margin-bottom: 2vh !important;padding-top: 0px !important;}&#8221;][vc_single_image image=&#8221;5069&#8243; img_size=&#8221;full&#8221; alignment=&#8221;center&#8221;][\/vc_column][vc_column width=&#8221;3\/4&#8243; woodmart_color_scheme=&#8221;dark&#8221; css=&#8221;.vc_custom_1537425801107{margin-bottom: 2vh !important;padding-top: 0px !important;}&#8221;]\t\t\t<div id=\"wd-69f5c5d4b78c1\" class=\"wd-text-block-wrapper wd-wpb color-scheme-dark text-left vc_custom_1537425845704\">\n\t\t\t\t<div class=\"woodmart-title-container woodmart-text-block reset-last-child font-primary wd-font-weight-600 \">\n\t\t\t\t\tIgniter element\t\t\t\t<\/div>\n\n\t\t\t\t\t\t\t<\/div>\n\t\t[vc_column_text]1,000W igniter element suitable for Roslagsbr\u00e4nnaren RB20\/50\/70 pellet burners.[\/vc_column_text][\/vc_column][\/vc_row][vc_row][vc_column][vc_separator][\/vc_column][\/vc_row][vc_row content_placement=&#8221;middle&#8221; css=&#8221;.vc_custom_1537426178702{margin-bottom: 0px !important;}&#8221;][vc_column width=&#8221;1\/4&#8243; woodmart_color_scheme=&#8221;light&#8221; css=&#8221;.vc_custom_1537345811838{margin-bottom: 2vh !important;padding-top: 0px !important;}&#8221;][vc_single_image image=&#8221;5074&#8243; img_size=&#8221;full&#8221; alignment=&#8221;center&#8221;][\/vc_column][vc_column width=&#8221;3\/4&#8243; woodmart_color_scheme=&#8221;dark&#8221; css=&#8221;.vc_custom_1537425801107{margin-bottom: 2vh !important;padding-top: 0px !important;}&#8221;]\t\t\t<div id=\"wd-69f5c5d4b7948\" class=\"wd-text-block-wrapper wd-wpb color-scheme-dark text-left vc_custom_1537425965728\">\n\t\t\t\t<div class=\"woodmart-title-container woodmart-text-block reset-last-child font-primary wd-font-weight-600 \">\n\t\t\t\t\tAuger motor RBA25\t\t\t\t<\/div>\n\n\t\t\t\t\t\t\t<\/div>\n\t\t[vc_column_text]25W auger motor RBA25 suitable for feed augers for Roslagsbr\u00e4nnaren RB20 pellet burners.[\/vc_column_text][\/vc_column][\/vc_row][vc_row][vc_column][vc_separator][\/vc_column][\/vc_row][vc_row content_placement=&#8221;middle&#8221; css=&#8221;.vc_custom_1537426178702{margin-bottom: 0px !important;}&#8221;][vc_column width=&#8221;1\/4&#8243; woodmart_color_scheme=&#8221;light&#8221; css=&#8221;.vc_custom_1537345811838{margin-bottom: 2vh !important;padding-top: 0px !important;}&#8221;][vc_single_image image=&#8221;5074&#8243; img_size=&#8221;full&#8221; alignment=&#8221;center&#8221;][\/vc_column][vc_column width=&#8221;3\/4&#8243; woodmart_color_scheme=&#8221;dark&#8221; css=&#8221;.vc_custom_1537425801107{margin-bottom: 2vh !important;padding-top: 0px !important;}&#8221;]\t\t\t<div id=\"wd-69f5c5d4b796b\" class=\"wd-text-block-wrapper wd-wpb color-scheme-dark text-left vc_custom_1537426259153\">\n\t\t\t\t<div class=\"woodmart-title-container woodmart-text-block reset-last-child font-primary wd-font-weight-600 \">\n\t\t\t\t\tAuger motor RBA40\t\t\t\t<\/div>\n\n\t\t\t\t\t\t\t<\/div>\n\t\t[vc_column_text]40W auger motor RBA40 suitable for feed augers for Roslagsbr\u00e4nnaren RB50\/70 pellet burners.<br \/>\n(The RBA40 should also be used for the RB20 if the feed auger is located in a bulk store)[\/vc_column_text][\/vc_column][\/vc_row][vc_row][vc_column][vc_separator][\/vc_column][\/vc_row][vc_row content_placement=&#8221;middle&#8221; css=&#8221;.vc_custom_1537426178702{margin-bottom: 0px !important;}&#8221;][vc_column width=&#8221;1\/4&#8243; woodmart_color_scheme=&#8221;light&#8221; css=&#8221;.vc_custom_1537345811838{margin-bottom: 2vh !important;padding-top: 0px !important;}&#8221;][vc_single_image image=&#8221;5082&#8243; img_size=&#8221;full&#8221; alignment=&#8221;center&#8221;][\/vc_column][vc_column width=&#8221;3\/4&#8243; woodmart_color_scheme=&#8221;dark&#8221; css=&#8221;.vc_custom_1537425801107{margin-bottom: 2vh !important;padding-top: 0px !important;}&#8221;]\t\t\t<div id=\"wd-69f5c5d4b7987\" class=\"wd-text-block-wrapper wd-wpb color-scheme-dark text-left vc_custom_1537426279908\">\n\t\t\t\t<div class=\"woodmart-title-container woodmart-text-block reset-last-child font-primary wd-font-weight-600 \">\n\t\t\t\t\tFan RB20\t\t\t\t<\/div>\n\n\t\t\t\t\t\t\t<\/div>\n\t\t[vc_column_text]Fan suitable for RB20.[\/vc_column_text][\/vc_column][\/vc_row][vc_row][vc_column][vc_separator][\/vc_column][\/vc_row][vc_row content_placement=&#8221;middle&#8221; css=&#8221;.vc_custom_1537426178702{margin-bottom: 0px !important;}&#8221;][vc_column width=&#8221;1\/4&#8243; woodmart_color_scheme=&#8221;light&#8221; css=&#8221;.vc_custom_1537345811838{margin-bottom: 2vh !important;padding-top: 0px !important;}&#8221;][vc_single_image image=&#8221;5084&#8243; img_size=&#8221;full&#8221; alignment=&#8221;center&#8221;][\/vc_column][vc_column width=&#8221;3\/4&#8243; woodmart_color_scheme=&#8221;dark&#8221; css=&#8221;.vc_custom_1537425801107{margin-bottom: 2vh !important;padding-top: 0px !important;}&#8221;]\t\t\t<div id=\"wd-69f5c5d4b79a8\" class=\"wd-text-block-wrapper wd-wpb color-scheme-dark text-left vc_custom_1537426316526\">\n\t\t\t\t<div class=\"woodmart-title-container woodmart-text-block reset-last-child font-primary wd-font-weight-600 \">\n\t\t\t\t\tFan RB50\/70\t\t\t\t<\/div>\n\n\t\t\t\t\t\t\t<\/div>\n\t\t[vc_column_text]Fan suitable for RB50\/70.[\/vc_column_text][\/vc_column][\/vc_row][vc_row][vc_column][vc_separator][\/vc_column][\/vc_row][vc_row content_placement=&#8221;middle&#8221; css=&#8221;.vc_custom_1537426178702{margin-bottom: 0px !important;}&#8221;][vc_column width=&#8221;1\/4&#8243; woodmart_color_scheme=&#8221;light&#8221; css=&#8221;.vc_custom_1537345811838{margin-bottom: 2vh !important;padding-top: 0px !important;}&#8221;][vc_single_image image=&#8221;5086&#8243; img_size=&#8221;full&#8221; alignment=&#8221;center&#8221;][\/vc_column][vc_column width=&#8221;3\/4&#8243; woodmart_color_scheme=&#8221;dark&#8221; css=&#8221;.vc_custom_1537425801107{margin-bottom: 2vh !important;padding-top: 0px !important;}&#8221;]\t\t\t<div id=\"wd-69f5c5d4b79c0\" class=\"wd-text-block-wrapper wd-wpb color-scheme-dark text-left vc_custom_1537426357724\">\n\t\t\t\t<div class=\"woodmart-title-container woodmart-text-block reset-last-child font-primary wd-font-weight-600 \">\n\t\t\t\t\tSiemens Contactor\t\t\t\t<\/div>\n\n\t\t\t\t\t\t\t<\/div>\n\t\t[vc_column_text]Siemens contactor rectifies problems when the relays Q3 &amp; Q4 in the PLC fail.[\/vc_column_text][\/vc_column][\/vc_row][vc_row][vc_column][vc_separator][\/vc_column][\/vc_row][vc_row content_placement=&#8221;middle&#8221; css=&#8221;.vc_custom_1537426178702{margin-bottom: 0px !important;}&#8221;][vc_column width=&#8221;1\/4&#8243; woodmart_color_scheme=&#8221;light&#8221; css=&#8221;.vc_custom_1537345811838{margin-bottom: 2vh !important;padding-top: 0px !important;}&#8221;][vc_single_image image=&#8221;5088&#8243; img_size=&#8221;full&#8221; alignment=&#8221;center&#8221;][\/vc_column][vc_column width=&#8221;3\/4&#8243; woodmart_color_scheme=&#8221;dark&#8221; css=&#8221;.vc_custom_1537425801107{margin-bottom: 2vh !important;padding-top: 0px !important;}&#8221;]\t\t\t<div id=\"wd-69f5c5d4b79d7\" class=\"wd-text-block-wrapper wd-wpb color-scheme-dark text-left vc_custom_1537426400053\">\n\t\t\t\t<div class=\"woodmart-title-container woodmart-text-block reset-last-child font-primary wd-font-weight-600 \">\n\t\t\t\t\tSiemens PLC\t\t\t\t<\/div>\n\n\t\t\t\t\t\t\t<\/div>\n\t\t[vc_column_text]Siemens PLC LOGO! 230RC[\/vc_column_text][\/vc_column][\/vc_row][vc_row][vc_column][vc_separator][\/vc_column][\/vc_row][vc_row content_placement=&#8221;middle&#8221; css=&#8221;.vc_custom_1537426178702{margin-bottom: 0px !important;}&#8221;][vc_column width=&#8221;1\/4&#8243; woodmart_color_scheme=&#8221;light&#8221; css=&#8221;.vc_custom_1537345811838{margin-bottom: 2vh !important;padding-top: 0px !important;}&#8221;][vc_single_image image=&#8221;5090&#8243; img_size=&#8221;full&#8221; alignment=&#8221;center&#8221;][\/vc_column][vc_column width=&#8221;3\/4&#8243; woodmart_color_scheme=&#8221;dark&#8221; css=&#8221;.vc_custom_1537425801107{margin-bottom: 2vh !important;padding-top: 0px !important;}&#8221;]\t\t\t<div id=\"wd-69f5c5d4b79ee\" class=\"wd-text-block-wrapper wd-wpb color-scheme-dark text-left vc_custom_1537426447289\">\n\t\t\t\t<div class=\"woodmart-title-container woodmart-text-block reset-last-child font-primary wd-font-weight-600 \">\n\t\t\t\t\tFlame sensor 45\u00b0\t\t\t\t<\/div>\n\n\t\t\t\t\t\t\t<\/div>\n\t\t[vc_column_text]Flame sensor 45\u00b0 is a sensor for Roslagsbr\u00e4nnaren RB20\/50\/70 pellet burners, which detects whether the pellet burner has ignited the pellets correctly. It normally has a service life of 4-5 years, after which it is depleted and causes problems, such as pellets \u201clining up\u201d in the hose, resulting in the auger motor running slowly.[\/vc_column_text][\/vc_column][\/vc_row][vc_row][vc_column][vc_separator][\/vc_column][\/vc_row][vc_row content_placement=&#8221;middle&#8221; css=&#8221;.vc_custom_1537426178702{margin-bottom: 0px !important;}&#8221;][vc_column width=&#8221;1\/4&#8243; woodmart_color_scheme=&#8221;light&#8221; css=&#8221;.vc_custom_1537345811838{margin-bottom: 2vh !important;padding-top: 0px !important;}&#8221;][vc_single_image image=&#8221;5093&#8243; img_size=&#8221;full&#8221; alignment=&#8221;center&#8221;][\/vc_column][vc_column width=&#8221;3\/4&#8243; woodmart_color_scheme=&#8221;dark&#8221; css=&#8221;.vc_custom_1537425801107{margin-bottom: 2vh !important;padding-top: 0px !important;}&#8221;]\t\t\t<div id=\"wd-69f5c5d4b7a05\" class=\"wd-text-block-wrapper wd-wpb color-scheme-dark text-left vc_custom_1537426562488\">\n\t\t\t\t<div class=\"woodmart-title-container woodmart-text-block reset-last-child font-primary wd-font-weight-600 \">\n\t\t\t\t\tBack-fire protection 95\u00b0\t\t\t\t<\/div>\n\n\t\t\t\t\t\t\t<\/div>\n\t\t[vc_column_text]Back-fire protection 95\u00b0 is an overheating protection located on the feed pipe to Roslagsbr\u00e4nnaren RB20\/50\/70 pellet burners. Back-fire protection 95\u00b0 ensures that the temperature in the feed pipe does not exceed 95\u00b0. If the temperature exceeds 95\u00b0, feeding is shut down and the entire burner is turned off to counter possible back-fire. After this, Back-fire protection 95\u00b0 has to be reset manually.[\/vc_column_text][\/vc_column][\/vc_row][vc_row][vc_column][vc_separator][\/vc_column][\/vc_row][vc_row content_placement=&#8221;middle&#8221; css=&#8221;.vc_custom_1537426178702{margin-bottom: 0px !important;}&#8221;][vc_column width=&#8221;1\/4&#8243; woodmart_color_scheme=&#8221;light&#8221; css=&#8221;.vc_custom_1537345811838{margin-bottom: 2vh !important;padding-top: 0px !important;}&#8221;][vc_single_image image=&#8221;5095&#8243; img_size=&#8221;full&#8221; alignment=&#8221;center&#8221;][\/vc_column][vc_column width=&#8221;3\/4&#8243; woodmart_color_scheme=&#8221;dark&#8221; css=&#8221;.vc_custom_1537425801107{margin-bottom: 2vh !important;padding-top: 0px !important;}&#8221;]\t\t\t<div id=\"wd-69f5c5d4b7a1b\" class=\"wd-text-block-wrapper wd-wpb color-scheme-dark text-left vc_custom_1537426641928\">\n\t\t\t\t<div class=\"woodmart-title-container woodmart-text-block reset-last-child font-primary wd-font-weight-600 \">\n\t\t\t\t\tHose, feed auger\t\t\t\t<\/div>\n\n\t\t\t\t\t\t\t<\/div>\n\t\t[vc_column_text]Fire protection hose for feed auger RBA25\/40.<br \/>\nSold by the metre (at least 1 m).[\/vc_column_text][\/vc_column][\/vc_row][\/vc_section]<\/p>\n<\/div>","protected":false},"excerpt":{"rendered":"<p>[vc_section full_width=&#8221;stretch_row&#8221; el_class=&#8221;mobile-bg-img-hidden&#8221; css=&#8221;.vc_custom_1537426708115{padding-top: 0px !important;padding-bottom: 0px !important;background-color: #ffffff !important;background-position: center !important;background-repeat: no-repeat !important;background-size: cover !important;}&#8221;][vc_row content_placement=&#8221;middle&#8221; css=&#8221;.vc_custom_1537426173371{margin-bottom: 0px !important;}&#8221;][vc_column<\/p>\n","protected":false},"author":8,"featured_media":0,"parent":2386,"menu_order":1,"comment_status":"closed","ping_status":"closed","template":"","meta":{"_acf_changed":false,"footnotes":""},"class_list":["post-2400","page","type-page","status-publish","hentry"],"acf":[],"yoast_head":"<!-- This site is optimized with the Yoast SEO plugin v27.4 - https:\/\/yoast.com\/product\/yoast-seo-wordpress\/ -->\n<title>Pellet burners, spare parts - Lindquist Heating AB<\/title>\n<meta name=\"robots\" content=\"index, follow, max-snippet:-1, max-image-preview:large, max-video-preview:-1\" \/>\n<link rel=\"canonical\" href=\"https:\/\/www.lindquistheating.se\/en\/products\/pellet-burner\/pellet-burners-spare-parts\/\" \/>\n<meta property=\"og:locale\" content=\"en_US\" \/>\n<meta property=\"og:type\" content=\"article\" \/>\n<meta property=\"og:title\" content=\"Pellet burners, spare parts - Lindquist Heating AB\" \/>\n<meta property=\"og:description\" content=\"[vc_section full_width=&#8221;stretch_row&#8221; el_class=&#8221;mobile-bg-img-hidden&#8221; css=&#8221;.vc_custom_1537426708115{padding-top: 0px !important;padding-bottom: 0px !important;background-color: #ffffff !important;background-position: center !important;background-repeat: no-repeat !important;background-size: cover !important;}&#8221;][vc_row content_placement=&#8221;middle&#8221; css=&#8221;.vc_custom_1537426173371{margin-bottom: 0px !important;}&#8221;][vc_column\" \/>\n<meta property=\"og:url\" content=\"https:\/\/www.lindquistheating.se\/en\/products\/pellet-burner\/pellet-burners-spare-parts\/\" \/>\n<meta property=\"og:site_name\" content=\"Lindquist Heating AB\" \/>\n<meta property=\"article:modified_time\" content=\"2024-09-09T07:43:33+00:00\" \/>\n<meta name=\"twitter:card\" content=\"summary_large_image\" \/>\n<meta name=\"twitter:label1\" content=\"Est. reading time\" \/>\n\t<meta name=\"twitter:data1\" content=\"3 minutes\" \/>\n<script type=\"application\/ld+json\" class=\"yoast-schema-graph\">{\"@context\":\"https:\\\/\\\/schema.org\",\"@graph\":[{\"@type\":\"WebPage\",\"@id\":\"https:\\\/\\\/www.lindquistheating.se\\\/en\\\/products\\\/pellet-burner\\\/pellet-burners-spare-parts\\\/\",\"url\":\"https:\\\/\\\/www.lindquistheating.se\\\/en\\\/products\\\/pellet-burner\\\/pellet-burners-spare-parts\\\/\",\"name\":\"Pellet burners, spare parts - Lindquist Heating AB\",\"isPartOf\":{\"@id\":\"https:\\\/\\\/www.lindquistheating.se\\\/#website\"},\"datePublished\":\"2015-11-23T10:57:05+00:00\",\"dateModified\":\"2024-09-09T07:43:33+00:00\",\"breadcrumb\":{\"@id\":\"https:\\\/\\\/www.lindquistheating.se\\\/en\\\/products\\\/pellet-burner\\\/pellet-burners-spare-parts\\\/#breadcrumb\"},\"inLanguage\":\"en-US\",\"potentialAction\":[{\"@type\":\"ReadAction\",\"target\":[\"https:\\\/\\\/www.lindquistheating.se\\\/en\\\/products\\\/pellet-burner\\\/pellet-burners-spare-parts\\\/\"]}]},{\"@type\":\"BreadcrumbList\",\"@id\":\"https:\\\/\\\/www.lindquistheating.se\\\/en\\\/products\\\/pellet-burner\\\/pellet-burners-spare-parts\\\/#breadcrumb\",\"itemListElement\":[{\"@type\":\"ListItem\",\"position\":1,\"name\":\"Hem\",\"item\":\"https:\\\/\\\/www.lindquistheating.se\\\/en\\\/\"},{\"@type\":\"ListItem\",\"position\":2,\"name\":\"Products\",\"item\":\"https:\\\/\\\/www.lindquistheating.se\\\/en\\\/products\\\/\"},{\"@type\":\"ListItem\",\"position\":3,\"name\":\"Pellet burner\",\"item\":\"https:\\\/\\\/www.lindquistheating.se\\\/en\\\/products\\\/pellet-burner\\\/\"},{\"@type\":\"ListItem\",\"position\":4,\"name\":\"Pellet burners, spare parts\"}]},{\"@type\":\"WebSite\",\"@id\":\"https:\\\/\\\/www.lindquistheating.se\\\/#website\",\"url\":\"https:\\\/\\\/www.lindquistheating.se\\\/\",\"name\":\"Lindquist Heating AB\",\"description\":\"&quot;N\u00e4r pris och livsl\u00e4ngd f\u00e5r avg\u00f6ra&quot;\",\"publisher\":{\"@id\":\"https:\\\/\\\/www.lindquistheating.se\\\/#organization\"},\"potentialAction\":[{\"@type\":\"SearchAction\",\"target\":{\"@type\":\"EntryPoint\",\"urlTemplate\":\"https:\\\/\\\/www.lindquistheating.se\\\/?s={search_term_string}\"},\"query-input\":{\"@type\":\"PropertyValueSpecification\",\"valueRequired\":true,\"valueName\":\"search_term_string\"}}],\"inLanguage\":\"en-US\"},{\"@type\":\"Organization\",\"@id\":\"https:\\\/\\\/www.lindquistheating.se\\\/#organization\",\"name\":\"Lindquist Heating AB\",\"url\":\"https:\\\/\\\/www.lindquistheating.se\\\/\",\"logo\":{\"@type\":\"ImageObject\",\"inLanguage\":\"en-US\",\"@id\":\"https:\\\/\\\/www.lindquistheating.se\\\/#\\\/schema\\\/logo\\\/image\\\/\",\"url\":\"https:\\\/\\\/www.lindquistheating.se\\\/wp-content\\\/uploads\\\/2020\\\/03\\\/lindquistheating-logo.png\",\"contentUrl\":\"https:\\\/\\\/www.lindquistheating.se\\\/wp-content\\\/uploads\\\/2020\\\/03\\\/lindquistheating-logo.png\",\"width\":320,\"height\":64,\"caption\":\"Lindquist Heating AB\"},\"image\":{\"@id\":\"https:\\\/\\\/www.lindquistheating.se\\\/#\\\/schema\\\/logo\\\/image\\\/\"}}]}<\/script>\n<!-- \/ Yoast SEO plugin. -->","yoast_head_json":{"title":"Pellet burners, spare parts - Lindquist Heating AB","robots":{"index":"index","follow":"follow","max-snippet":"max-snippet:-1","max-image-preview":"max-image-preview:large","max-video-preview":"max-video-preview:-1"},"canonical":"https:\/\/www.lindquistheating.se\/en\/products\/pellet-burner\/pellet-burners-spare-parts\/","og_locale":"en_US","og_type":"article","og_title":"Pellet burners, spare parts - Lindquist Heating AB","og_description":"[vc_section full_width=&#8221;stretch_row&#8221; el_class=&#8221;mobile-bg-img-hidden&#8221; css=&#8221;.vc_custom_1537426708115{padding-top: 0px !important;padding-bottom: 0px !important;background-color: #ffffff !important;background-position: center !important;background-repeat: no-repeat !important;background-size: cover !important;}&#8221;][vc_row content_placement=&#8221;middle&#8221; css=&#8221;.vc_custom_1537426173371{margin-bottom: 0px !important;}&#8221;][vc_column","og_url":"https:\/\/www.lindquistheating.se\/en\/products\/pellet-burner\/pellet-burners-spare-parts\/","og_site_name":"Lindquist Heating AB","article_modified_time":"2024-09-09T07:43:33+00:00","twitter_card":"summary_large_image","twitter_misc":{"Est. reading time":"3 minutes"},"schema":{"@context":"https:\/\/schema.org","@graph":[{"@type":"WebPage","@id":"https:\/\/www.lindquistheating.se\/en\/products\/pellet-burner\/pellet-burners-spare-parts\/","url":"https:\/\/www.lindquistheating.se\/en\/products\/pellet-burner\/pellet-burners-spare-parts\/","name":"Pellet burners, spare parts - Lindquist Heating AB","isPartOf":{"@id":"https:\/\/www.lindquistheating.se\/#website"},"datePublished":"2015-11-23T10:57:05+00:00","dateModified":"2024-09-09T07:43:33+00:00","breadcrumb":{"@id":"https:\/\/www.lindquistheating.se\/en\/products\/pellet-burner\/pellet-burners-spare-parts\/#breadcrumb"},"inLanguage":"en-US","potentialAction":[{"@type":"ReadAction","target":["https:\/\/www.lindquistheating.se\/en\/products\/pellet-burner\/pellet-burners-spare-parts\/"]}]},{"@type":"BreadcrumbList","@id":"https:\/\/www.lindquistheating.se\/en\/products\/pellet-burner\/pellet-burners-spare-parts\/#breadcrumb","itemListElement":[{"@type":"ListItem","position":1,"name":"Hem","item":"https:\/\/www.lindquistheating.se\/en\/"},{"@type":"ListItem","position":2,"name":"Products","item":"https:\/\/www.lindquistheating.se\/en\/products\/"},{"@type":"ListItem","position":3,"name":"Pellet burner","item":"https:\/\/www.lindquistheating.se\/en\/products\/pellet-burner\/"},{"@type":"ListItem","position":4,"name":"Pellet burners, spare parts"}]},{"@type":"WebSite","@id":"https:\/\/www.lindquistheating.se\/#website","url":"https:\/\/www.lindquistheating.se\/","name":"Lindquist Heating AB","description":"&quot;N\u00e4r pris och livsl\u00e4ngd f\u00e5r avg\u00f6ra&quot;","publisher":{"@id":"https:\/\/www.lindquistheating.se\/#organization"},"potentialAction":[{"@type":"SearchAction","target":{"@type":"EntryPoint","urlTemplate":"https:\/\/www.lindquistheating.se\/?s={search_term_string}"},"query-input":{"@type":"PropertyValueSpecification","valueRequired":true,"valueName":"search_term_string"}}],"inLanguage":"en-US"},{"@type":"Organization","@id":"https:\/\/www.lindquistheating.se\/#organization","name":"Lindquist Heating AB","url":"https:\/\/www.lindquistheating.se\/","logo":{"@type":"ImageObject","inLanguage":"en-US","@id":"https:\/\/www.lindquistheating.se\/#\/schema\/logo\/image\/","url":"https:\/\/www.lindquistheating.se\/wp-content\/uploads\/2020\/03\/lindquistheating-logo.png","contentUrl":"https:\/\/www.lindquistheating.se\/wp-content\/uploads\/2020\/03\/lindquistheating-logo.png","width":320,"height":64,"caption":"Lindquist Heating AB"},"image":{"@id":"https:\/\/www.lindquistheating.se\/#\/schema\/logo\/image\/"}}]}},"_links":{"self":[{"href":"https:\/\/www.lindquistheating.se\/en\/wp-json\/wp\/v2\/pages\/2400","targetHints":{"allow":["GET"]}}],"collection":[{"href":"https:\/\/www.lindquistheating.se\/en\/wp-json\/wp\/v2\/pages"}],"about":[{"href":"https:\/\/www.lindquistheating.se\/en\/wp-json\/wp\/v2\/types\/page"}],"author":[{"embeddable":true,"href":"https:\/\/www.lindquistheating.se\/en\/wp-json\/wp\/v2\/users\/8"}],"replies":[{"embeddable":true,"href":"https:\/\/www.lindquistheating.se\/en\/wp-json\/wp\/v2\/comments?post=2400"}],"version-history":[{"count":5,"href":"https:\/\/www.lindquistheating.se\/en\/wp-json\/wp\/v2\/pages\/2400\/revisions"}],"predecessor-version":[{"id":5098,"href":"https:\/\/www.lindquistheating.se\/en\/wp-json\/wp\/v2\/pages\/2400\/revisions\/5098"}],"up":[{"embeddable":true,"href":"https:\/\/www.lindquistheating.se\/en\/wp-json\/wp\/v2\/pages\/2386"}],"wp:attachment":[{"href":"https:\/\/www.lindquistheating.se\/en\/wp-json\/wp\/v2\/media?parent=2400"}],"curies":[{"name":"wp","href":"https:\/\/api.w.org\/{rel}","templated":true}]}}