{"id":2394,"date":"2015-11-23T11:51:11","date_gmt":"2015-11-23T10:51:11","guid":{"rendered":"http:\/\/dev.lindquistheating.se\/?page_id=2394"},"modified":"2024-09-09T09:43:48","modified_gmt":"2024-09-09T07:43:48","slug":"pellet-burners-accessories","status":"publish","type":"page","link":"https:\/\/www.lindquistheating.se\/en\/products\/pellet-burner\/pellet-burners-accessories\/","title":{"rendered":"Pellet burners, accessories"},"content":{"rendered":"<div class=\"wpb-content-wrapper\"><p>[vc_section full_width=&#8221;stretch_row&#8221; el_class=&#8221;mobile-bg-img-hidden&#8221; css=&#8221;.vc_custom_1537426708115{padding-top: 0px !important;padding-bottom: 0px !important;background-color: #ffffff !important;background-position: center !important;background-repeat: no-repeat !important;background-size: cover !important;}&#8221;][vc_row content_placement=&#8221;middle&#8221; css=&#8221;.vc_custom_1537426173371{margin-bottom: 0px !important;}&#8221;][vc_column width=&#8221;1\/4&#8243; woodmart_color_scheme=&#8221;light&#8221; css=&#8221;.vc_custom_1537345811838{margin-bottom: 2vh !important;padding-top: 0px !important;}&#8221;][vc_single_image image=&#8221;5104&#8243; img_size=&#8221;full&#8221; alignment=&#8221;center&#8221;][\/vc_column][vc_column width=&#8221;3\/4&#8243; woodmart_color_scheme=&#8221;dark&#8221; css=&#8221;.vc_custom_1537425801107{margin-bottom: 2vh !important;padding-top: 0px !important;}&#8221;]\t\t\t<div id=\"wd-69e5d5f2c7fce\" class=\"wd-text-block-wrapper wd-wpb color-scheme-dark text-left vc_custom_1537427070566\">\n\t\t\t\t<div class=\"woodmart-title-container woodmart-text-block reset-last-child font-primary wd-font-weight-600 \">\n\t\t\t\t\tFeed augers RBA25\/40\t\t\t\t<\/div>\n\n\t\t\t\t\t\t\t<\/div>\n\t\t[vc_column_text]Feed augers for Roslagsbr\u00e4nnaren RB20\/50\/70 pellet burners.<br \/>\nFeed augers are available in lengths ranging from 1.8-5.5 m (the standard length is 1.8 m).<br \/>\n25 W feed auger RBA25 suitable for Roslagsbr\u00e4nnaren RB20 pellet burners.<br \/>\n40 W feed auger RBA40 suitable for Roslagsbr\u00e4nnaren RB50\/70 pellet burners. (The RBA40 should also be used for the RB20 if the auger is located in a bulk store.)[\/vc_column_text][\/vc_column][\/vc_row][vc_row][vc_column][vc_separator][\/vc_column][\/vc_row][vc_row content_placement=&#8221;middle&#8221; css=&#8221;.vc_custom_1537426178702{margin-bottom: 0px !important;}&#8221;][vc_column width=&#8221;1\/4&#8243; woodmart_color_scheme=&#8221;light&#8221; css=&#8221;.vc_custom_1537345811838{margin-bottom: 2vh !important;padding-top: 0px !important;}&#8221;][vc_single_image image=&#8221;5102&#8243; img_size=&#8221;full&#8221; alignment=&#8221;center&#8221;][\/vc_column][vc_column width=&#8221;3\/4&#8243; woodmart_color_scheme=&#8221;dark&#8221; css=&#8221;.vc_custom_1537425801107{margin-bottom: 2vh !important;padding-top: 0px !important;}&#8221;]\t\t\t<div id=\"wd-69e5d5f2c8040\" class=\"wd-text-block-wrapper wd-wpb color-scheme-dark text-left vc_custom_1537427057089\">\n\t\t\t\t<div class=\"woodmart-title-container woodmart-text-block reset-last-child font-primary wd-font-weight-600 \">\n\t\t\t\t\tPellet stores\t\t\t\t<\/div>\n\n\t\t\t\t\t\t\t<\/div>\n\t\t[vc_column_text]Pellet stores from Mafa are stocked in sizes ranging from 300\u2013730 l.[\/vc_column_text][\/vc_column][\/vc_row][vc_row][vc_column][vc_separator][\/vc_column][\/vc_row][vc_row content_placement=&#8221;middle&#8221; css=&#8221;.vc_custom_1537426178702{margin-bottom: 0px !important;}&#8221;][vc_column width=&#8221;1\/4&#8243; woodmart_color_scheme=&#8221;light&#8221; css=&#8221;.vc_custom_1537345811838{margin-bottom: 2vh !important;padding-top: 0px !important;}&#8221;][vc_single_image image=&#8221;5100&#8243; img_size=&#8221;full&#8221; alignment=&#8221;center&#8221;][\/vc_column][vc_column width=&#8221;3\/4&#8243; woodmart_color_scheme=&#8221;dark&#8221; css=&#8221;.vc_custom_1537425801107{margin-bottom: 2vh !important;padding-top: 0px !important;}&#8221;]\t\t\t<div id=\"wd-69e5d5f2c8062\" class=\"wd-text-block-wrapper wd-wpb color-scheme-dark text-left vc_custom_1537427045147\">\n\t\t\t\t<div class=\"woodmart-title-container woodmart-text-block reset-last-child font-primary wd-font-weight-600 \">\n\t\t\t\t\tWood cover\t\t\t\t<\/div>\n\n\t\t\t\t\t\t\t<\/div>\n\t\t[vc_column_text]Wood cover for burner hole in the mounting plate, suitable for Roslagsbr\u00e4nnaren RB20\/50\/70 pellet burners.[\/vc_column_text][\/vc_column][\/vc_row][\/vc_section]<\/p>\n<\/div>","protected":false},"excerpt":{"rendered":"<p>[vc_section full_width=&#8221;stretch_row&#8221; el_class=&#8221;mobile-bg-img-hidden&#8221; css=&#8221;.vc_custom_1537426708115{padding-top: 0px !important;padding-bottom: 0px !important;background-color: #ffffff !important;background-position: center !important;background-repeat: no-repeat !important;background-size: cover !important;}&#8221;][vc_row content_placement=&#8221;middle&#8221; css=&#8221;.vc_custom_1537426173371{margin-bottom: 0px !important;}&#8221;][vc_column<\/p>\n","protected":false},"author":8,"featured_media":0,"parent":2386,"menu_order":2,"comment_status":"closed","ping_status":"closed","template":"","meta":{"_acf_changed":false,"footnotes":""},"class_list":["post-2394","page","type-page","status-publish","hentry"],"acf":[],"yoast_head":"<!-- This site is optimized with the Yoast SEO plugin v26.1.1 - https:\/\/yoast.com\/wordpress\/plugins\/seo\/ -->\n<title>Pellet burners, accessories - Lindquist Heating AB<\/title>\n<meta name=\"robots\" content=\"index, follow, max-snippet:-1, max-image-preview:large, max-video-preview:-1\" \/>\n<link rel=\"canonical\" href=\"https:\/\/www.lindquistheating.se\/en\/products\/pellet-burner\/pellet-burners-accessories\/\" \/>\n<meta property=\"og:locale\" content=\"en_US\" \/>\n<meta property=\"og:type\" content=\"article\" \/>\n<meta property=\"og:title\" content=\"Pellet burners, accessories - Lindquist Heating AB\" \/>\n<meta property=\"og:description\" content=\"[vc_section full_width=&#8221;stretch_row&#8221; el_class=&#8221;mobile-bg-img-hidden&#8221; css=&#8221;.vc_custom_1537426708115{padding-top: 0px !important;padding-bottom: 0px !important;background-color: #ffffff !important;background-position: center !important;background-repeat: no-repeat !important;background-size: cover !important;}&#8221;][vc_row content_placement=&#8221;middle&#8221; css=&#8221;.vc_custom_1537426173371{margin-bottom: 0px !important;}&#8221;][vc_column\" \/>\n<meta property=\"og:url\" content=\"https:\/\/www.lindquistheating.se\/en\/products\/pellet-burner\/pellet-burners-accessories\/\" \/>\n<meta property=\"og:site_name\" content=\"Lindquist Heating AB\" \/>\n<meta property=\"article:modified_time\" content=\"2024-09-09T07:43:48+00:00\" \/>\n<meta name=\"twitter:card\" content=\"summary_large_image\" \/>\n<meta name=\"twitter:label1\" content=\"Est. reading time\" \/>\n\t<meta name=\"twitter:data1\" content=\"2 minutes\" \/>\n<script type=\"application\/ld+json\" class=\"yoast-schema-graph\">{\"@context\":\"https:\/\/schema.org\",\"@graph\":[{\"@type\":\"WebPage\",\"@id\":\"https:\/\/www.lindquistheating.se\/en\/products\/pellet-burner\/pellet-burners-accessories\/\",\"url\":\"https:\/\/www.lindquistheating.se\/en\/products\/pellet-burner\/pellet-burners-accessories\/\",\"name\":\"Pellet burners, accessories - Lindquist Heating AB\",\"isPartOf\":{\"@id\":\"https:\/\/www.lindquistheating.se\/#website\"},\"datePublished\":\"2015-11-23T10:51:11+00:00\",\"dateModified\":\"2024-09-09T07:43:48+00:00\",\"breadcrumb\":{\"@id\":\"https:\/\/www.lindquistheating.se\/en\/products\/pellet-burner\/pellet-burners-accessories\/#breadcrumb\"},\"inLanguage\":\"en-US\",\"potentialAction\":[{\"@type\":\"ReadAction\",\"target\":[\"https:\/\/www.lindquistheating.se\/en\/products\/pellet-burner\/pellet-burners-accessories\/\"]}]},{\"@type\":\"BreadcrumbList\",\"@id\":\"https:\/\/www.lindquistheating.se\/en\/products\/pellet-burner\/pellet-burners-accessories\/#breadcrumb\",\"itemListElement\":[{\"@type\":\"ListItem\",\"position\":1,\"name\":\"Hem\",\"item\":\"https:\/\/www.lindquistheating.se\/en\/\"},{\"@type\":\"ListItem\",\"position\":2,\"name\":\"Products\",\"item\":\"https:\/\/www.lindquistheating.se\/en\/products\/\"},{\"@type\":\"ListItem\",\"position\":3,\"name\":\"Pellet burner\",\"item\":\"https:\/\/www.lindquistheating.se\/en\/products\/pellet-burner\/\"},{\"@type\":\"ListItem\",\"position\":4,\"name\":\"Pellet burners, accessories\"}]},{\"@type\":\"WebSite\",\"@id\":\"https:\/\/www.lindquistheating.se\/#website\",\"url\":\"https:\/\/www.lindquistheating.se\/\",\"name\":\"Lindquist Heating AB\",\"description\":\"&quot;N\u00e4r pris och livsl\u00e4ngd f\u00e5r avg\u00f6ra&quot;\",\"publisher\":{\"@id\":\"https:\/\/www.lindquistheating.se\/#organization\"},\"potentialAction\":[{\"@type\":\"SearchAction\",\"target\":{\"@type\":\"EntryPoint\",\"urlTemplate\":\"https:\/\/www.lindquistheating.se\/?s={search_term_string}\"},\"query-input\":{\"@type\":\"PropertyValueSpecification\",\"valueRequired\":true,\"valueName\":\"search_term_string\"}}],\"inLanguage\":\"en-US\"},{\"@type\":\"Organization\",\"@id\":\"https:\/\/www.lindquistheating.se\/#organization\",\"name\":\"Lindquist Heating AB\",\"url\":\"https:\/\/www.lindquistheating.se\/\",\"logo\":{\"@type\":\"ImageObject\",\"inLanguage\":\"en-US\",\"@id\":\"https:\/\/www.lindquistheating.se\/#\/schema\/logo\/image\/\",\"url\":\"https:\/\/www.lindquistheating.se\/wp-content\/uploads\/2020\/03\/lindquistheating-logo.png\",\"contentUrl\":\"https:\/\/www.lindquistheating.se\/wp-content\/uploads\/2020\/03\/lindquistheating-logo.png\",\"width\":320,\"height\":64,\"caption\":\"Lindquist Heating AB\"},\"image\":{\"@id\":\"https:\/\/www.lindquistheating.se\/#\/schema\/logo\/image\/\"}}]}<\/script>\n<!-- \/ Yoast SEO plugin. -->","yoast_head_json":{"title":"Pellet burners, accessories - Lindquist Heating AB","robots":{"index":"index","follow":"follow","max-snippet":"max-snippet:-1","max-image-preview":"max-image-preview:large","max-video-preview":"max-video-preview:-1"},"canonical":"https:\/\/www.lindquistheating.se\/en\/products\/pellet-burner\/pellet-burners-accessories\/","og_locale":"en_US","og_type":"article","og_title":"Pellet burners, accessories - Lindquist Heating AB","og_description":"[vc_section full_width=&#8221;stretch_row&#8221; el_class=&#8221;mobile-bg-img-hidden&#8221; css=&#8221;.vc_custom_1537426708115{padding-top: 0px !important;padding-bottom: 0px !important;background-color: #ffffff !important;background-position: center !important;background-repeat: no-repeat !important;background-size: cover !important;}&#8221;][vc_row content_placement=&#8221;middle&#8221; css=&#8221;.vc_custom_1537426173371{margin-bottom: 0px !important;}&#8221;][vc_column","og_url":"https:\/\/www.lindquistheating.se\/en\/products\/pellet-burner\/pellet-burners-accessories\/","og_site_name":"Lindquist Heating AB","article_modified_time":"2024-09-09T07:43:48+00:00","twitter_card":"summary_large_image","twitter_misc":{"Est. reading time":"2 minutes"},"schema":{"@context":"https:\/\/schema.org","@graph":[{"@type":"WebPage","@id":"https:\/\/www.lindquistheating.se\/en\/products\/pellet-burner\/pellet-burners-accessories\/","url":"https:\/\/www.lindquistheating.se\/en\/products\/pellet-burner\/pellet-burners-accessories\/","name":"Pellet burners, accessories - Lindquist Heating AB","isPartOf":{"@id":"https:\/\/www.lindquistheating.se\/#website"},"datePublished":"2015-11-23T10:51:11+00:00","dateModified":"2024-09-09T07:43:48+00:00","breadcrumb":{"@id":"https:\/\/www.lindquistheating.se\/en\/products\/pellet-burner\/pellet-burners-accessories\/#breadcrumb"},"inLanguage":"en-US","potentialAction":[{"@type":"ReadAction","target":["https:\/\/www.lindquistheating.se\/en\/products\/pellet-burner\/pellet-burners-accessories\/"]}]},{"@type":"BreadcrumbList","@id":"https:\/\/www.lindquistheating.se\/en\/products\/pellet-burner\/pellet-burners-accessories\/#breadcrumb","itemListElement":[{"@type":"ListItem","position":1,"name":"Hem","item":"https:\/\/www.lindquistheating.se\/en\/"},{"@type":"ListItem","position":2,"name":"Products","item":"https:\/\/www.lindquistheating.se\/en\/products\/"},{"@type":"ListItem","position":3,"name":"Pellet burner","item":"https:\/\/www.lindquistheating.se\/en\/products\/pellet-burner\/"},{"@type":"ListItem","position":4,"name":"Pellet burners, accessories"}]},{"@type":"WebSite","@id":"https:\/\/www.lindquistheating.se\/#website","url":"https:\/\/www.lindquistheating.se\/","name":"Lindquist Heating AB","description":"&quot;N\u00e4r pris och livsl\u00e4ngd f\u00e5r avg\u00f6ra&quot;","publisher":{"@id":"https:\/\/www.lindquistheating.se\/#organization"},"potentialAction":[{"@type":"SearchAction","target":{"@type":"EntryPoint","urlTemplate":"https:\/\/www.lindquistheating.se\/?s={search_term_string}"},"query-input":{"@type":"PropertyValueSpecification","valueRequired":true,"valueName":"search_term_string"}}],"inLanguage":"en-US"},{"@type":"Organization","@id":"https:\/\/www.lindquistheating.se\/#organization","name":"Lindquist Heating AB","url":"https:\/\/www.lindquistheating.se\/","logo":{"@type":"ImageObject","inLanguage":"en-US","@id":"https:\/\/www.lindquistheating.se\/#\/schema\/logo\/image\/","url":"https:\/\/www.lindquistheating.se\/wp-content\/uploads\/2020\/03\/lindquistheating-logo.png","contentUrl":"https:\/\/www.lindquistheating.se\/wp-content\/uploads\/2020\/03\/lindquistheating-logo.png","width":320,"height":64,"caption":"Lindquist Heating AB"},"image":{"@id":"https:\/\/www.lindquistheating.se\/#\/schema\/logo\/image\/"}}]}},"_links":{"self":[{"href":"https:\/\/www.lindquistheating.se\/en\/wp-json\/wp\/v2\/pages\/2394","targetHints":{"allow":["GET"]}}],"collection":[{"href":"https:\/\/www.lindquistheating.se\/en\/wp-json\/wp\/v2\/pages"}],"about":[{"href":"https:\/\/www.lindquistheating.se\/en\/wp-json\/wp\/v2\/types\/page"}],"author":[{"embeddable":true,"href":"https:\/\/www.lindquistheating.se\/en\/wp-json\/wp\/v2\/users\/8"}],"replies":[{"embeddable":true,"href":"https:\/\/www.lindquistheating.se\/en\/wp-json\/wp\/v2\/comments?post=2394"}],"version-history":[{"count":4,"href":"https:\/\/www.lindquistheating.se\/en\/wp-json\/wp\/v2\/pages\/2394\/revisions"}],"predecessor-version":[{"id":5106,"href":"https:\/\/www.lindquistheating.se\/en\/wp-json\/wp\/v2\/pages\/2394\/revisions\/5106"}],"up":[{"embeddable":true,"href":"https:\/\/www.lindquistheating.se\/en\/wp-json\/wp\/v2\/pages\/2386"}],"wp:attachment":[{"href":"https:\/\/www.lindquistheating.se\/en\/wp-json\/wp\/v2\/media?parent=2394"}],"curies":[{"name":"wp","href":"https:\/\/api.w.org\/{rel}","templated":true}]}}