{"id":2372,"date":"2015-11-23T11:38:17","date_gmt":"2015-11-23T10:38:17","guid":{"rendered":"http:\/\/dev.lindquistheating.se\/?page_id=2372"},"modified":"2024-09-09T09:42:44","modified_gmt":"2024-09-09T07:42:44","slug":"pellet-boiler","status":"publish","type":"page","link":"https:\/\/www.lindquistheating.se\/en\/products\/heating-boilers\/pellet-boiler\/","title":{"rendered":"Pellet boiler"},"content":{"rendered":"<div class=\"wpb-content-wrapper\"><p>[vc_row css=&#8221;.vc_custom_1725525271345{padding-right: 60px !important;padding-left: 60px !important;}&#8221; woodmart_css_id=&#8221;66d96d128b0a5&#8243; responsive_spacing=&#8221;eyJwYXJhbV90eXBlIjoid29vZG1hcnRfcmVzcG9uc2l2ZV9zcGFjaW5nIiwic2VsZWN0b3JfaWQiOiI2NmQ5NmQxMjhiMGE1Iiwic2hvcnRjb2RlIjoidmNfcm93IiwiZGF0YSI6eyJ0YWJsZXQiOnt9LCJtb2JpbGUiOnsicGFkZGluZy1yaWdodCI6IjEwIiwicGFkZGluZy1sZWZ0IjoiMTAifX19&#8243; mobile_bg_img_hidden=&#8221;no&#8221; tablet_bg_img_hidden=&#8221;no&#8221; woodmart_parallax=&#8221;0&#8243; woodmart_gradient_switch=&#8221;no&#8221; woodmart_box_shadow=&#8221;no&#8221; wd_z_index=&#8221;no&#8221; woodmart_disable_overflow=&#8221;0&#8243; row_reverse_mobile=&#8221;0&#8243; row_reverse_tablet=&#8221;0&#8243;][vc_column]\t\t<div id=\"wd-66d96d0c70b59\" class=\"wd-text-block wd-wpb reset-last-child wd-rs-66d96d0c70b59 text-center \">\n\t\t\t<p>Firing with a pellet boiler provides carbon dioxide-neutral firing and does not contribute to global warming or climate change. The ash can be used as a natural fertiliser, e.g. in flower beds, plantations, etc. With our Roslagsbr\u00e4nnaren RB pellet burners, you can convert your wood boiler into a pellet boiler.<\/p>\n\t\t<\/div>\n\t\t[\/vc_column][\/vc_row][vc_section full_width=&#8221;stretch_row&#8221; el_class=&#8221;mobile-bg-img-hidden&#8221; css=&#8221;.vc_custom_1537365369007{margin-bottom: -40px !important;padding-top: 5vh !important;padding-bottom: 5vh !important;background-color: #202020 !important;background-position: center !important;background-repeat: no-repeat !important;background-size: cover !important;}&#8221;][vc_row content_placement=&#8221;top&#8221; css=&#8221;.vc_custom_1537359990929{margin-bottom: 2vh !important;}&#8221;][vc_column width=&#8221;1\/4&#8243; woodmart_color_scheme=&#8221;light&#8221; css=&#8221;.vc_custom_1537345811838{margin-bottom: 2vh !important;padding-top: 0px !important;}&#8221;][vc_single_image image=&#8221;5042&#8243; img_size=&#8221;full&#8221; alignment=&#8221;center&#8221;][\/vc_column][vc_column width=&#8221;3\/4&#8243; woodmart_color_scheme=&#8221;light&#8221; css=&#8221;.vc_custom_1537358752725{margin-bottom: 2vh !important;padding-top: 0px !important;}&#8221;]\t\t\t<div id=\"wd-69f87baecd279\" class=\"wd-text-block-wrapper wd-wpb color-scheme-light text-left vc_custom_1537364817247\">\n\t\t\t\t<div class=\"woodmart-title-container woodmart-text-block reset-last-child font-primary wd-font-weight-600 \">\n\t\t\t\t\tCast iron pellet boiler\t\t\t\t<\/div>\n\n\t\t\t\t\t\t\t<\/div>\n\t\t[vc_column_text]The superior Viadrus wood boilers are the reason we have become so popular, and the fact that they work equally well as pellet boilers comes as a bonus. As a Viadrus owner, you can now very easily combine different types of energy, such as wood, pellets, wood chips, grain, oil, solar heat and electricity. If you order our pellet package, you get a very flexible and economic alternative to conventional wood firing. Changing from a wood boiler to a pellet boiler is achieved with a couple of simple manoeuvres, and the pellet burner is controlled with an easy-to-operate control box that offers numerous opportunities.<\/p>\n<p>We have developed a solution that is ideally suited to the VIADRUS U22 wood boiler. In order to switch from wood-firing to firing with pellets, a conversion kit is required. This contains a hatch with a flange for the pellet burner, baffle plates and turbulators that are intended for guiding the flow of the flue gases in the boiler in order to achieve a higher degree of efficiency. When the hatch is installed, the pellet burner is suspended on the flange and the baffle plates and turbulators are inserted. All you have to do then is turn on the pellet burner and relax. You now have a pellet boiler!<\/p>\n<p>If you decide to convert the pellet boiler back into a wood boiler at a later date, you simply lift off the pellet burner using the handle and place it to the side of the wood boiler, ensuring it is properly turned off, remove baffle plates and turbulators, and hang the enclosed cover over the flange so that you do not have to change the hatch. This procedure can normally be completed in about a minute.[\/vc_column_text]<div id=\"wd-69f87baecd2e6\" class=\"  wd-button-wrapper text-center inline-element\"><a href=\"\/wp-content\/uploads\/2018\/09\/broschyrpanna.pdf\" title=\"\" target=\"_blank\" class=\"btn btn-color-primary btn-style-default btn-shape-rectangle btn-size-default\">Brochure PDF<\/a><\/div>[\/vc_column][\/vc_row][\/vc_section]<\/p>\n<\/div>","protected":false},"excerpt":{"rendered":"<p>[vc_row css=&#8221;.vc_custom_1725525271345{padding-right: 60px !important;padding-left: 60px !important;}&#8221; woodmart_css_id=&#8221;66d96d128b0a5&#8243; responsive_spacing=&#8221;eyJwYXJhbV90eXBlIjoid29vZG1hcnRfcmVzcG9uc2l2ZV9zcGFjaW5nIiwic2VsZWN0b3JfaWQiOiI2NmQ5NmQxMjhiMGE1Iiwic2hvcnRjb2RlIjoidmNfcm93IiwiZGF0YSI6eyJ0YWJsZXQiOnt9LCJtb2JpbGUiOnsicGFkZGluZy1yaWdodCI6IjEwIiwicGFkZGluZy1sZWZ0IjoiMTAifX19&#8243; mobile_bg_img_hidden=&#8221;no&#8221; tablet_bg_img_hidden=&#8221;no&#8221; woodmart_parallax=&#8221;0&#8243; woodmart_gradient_switch=&#8221;no&#8221; woodmart_box_shadow=&#8221;no&#8221; wd_z_index=&#8221;no&#8221; woodmart_disable_overflow=&#8221;0&#8243; row_reverse_mobile=&#8221;0&#8243; row_reverse_tablet=&#8221;0&#8243;][vc_column][\/vc_column][\/vc_row][vc_section full_width=&#8221;stretch_row&#8221; el_class=&#8221;mobile-bg-img-hidden&#8221; css=&#8221;.vc_custom_1537365369007{margin-bottom:<\/p>\n","protected":false},"author":8,"featured_media":0,"parent":2348,"menu_order":2,"comment_status":"closed","ping_status":"closed","template":"","meta":{"_acf_changed":false,"footnotes":""},"class_list":["post-2372","page","type-page","status-publish","hentry"],"acf":[],"yoast_head":"<!-- This site is optimized with the Yoast SEO plugin v27.4 - https:\/\/yoast.com\/product\/yoast-seo-wordpress\/ -->\n<title>Pellet boiler - Lindquist Heating AB<\/title>\n<meta name=\"robots\" content=\"index, follow, max-snippet:-1, max-image-preview:large, max-video-preview:-1\" \/>\n<link rel=\"canonical\" href=\"https:\/\/www.lindquistheating.se\/en\/products\/heating-boilers\/pellet-boiler\/\" \/>\n<meta property=\"og:locale\" content=\"en_US\" \/>\n<meta property=\"og:type\" content=\"article\" \/>\n<meta property=\"og:title\" content=\"Pellet boiler - Lindquist Heating AB\" \/>\n<meta property=\"og:description\" content=\"[vc_row css=&#8221;.vc_custom_1725525271345{padding-right: 60px !important;padding-left: 60px !important;}&#8221; woodmart_css_id=&#8221;66d96d128b0a5&#8243; responsive_spacing=&#8221;eyJwYXJhbV90eXBlIjoid29vZG1hcnRfcmVzcG9uc2l2ZV9zcGFjaW5nIiwic2VsZWN0b3JfaWQiOiI2NmQ5NmQxMjhiMGE1Iiwic2hvcnRjb2RlIjoidmNfcm93IiwiZGF0YSI6eyJ0YWJsZXQiOnt9LCJtb2JpbGUiOnsicGFkZGluZy1yaWdodCI6IjEwIiwicGFkZGluZy1sZWZ0IjoiMTAifX19&#8243; mobile_bg_img_hidden=&#8221;no&#8221; tablet_bg_img_hidden=&#8221;no&#8221; woodmart_parallax=&#8221;0&#8243; woodmart_gradient_switch=&#8221;no&#8221; woodmart_box_shadow=&#8221;no&#8221; wd_z_index=&#8221;no&#8221; woodmart_disable_overflow=&#8221;0&#8243; row_reverse_mobile=&#8221;0&#8243; row_reverse_tablet=&#8221;0&#8243;][vc_column][\/vc_column][\/vc_row][vc_section full_width=&#8221;stretch_row&#8221; el_class=&#8221;mobile-bg-img-hidden&#8221; css=&#8221;.vc_custom_1537365369007{margin-bottom:\" \/>\n<meta property=\"og:url\" content=\"https:\/\/www.lindquistheating.se\/en\/products\/heating-boilers\/pellet-boiler\/\" \/>\n<meta property=\"og:site_name\" content=\"Lindquist Heating AB\" \/>\n<meta property=\"article:modified_time\" content=\"2024-09-09T07:42:44+00:00\" \/>\n<meta name=\"twitter:card\" content=\"summary_large_image\" \/>\n<meta name=\"twitter:label1\" content=\"Est. reading time\" \/>\n\t<meta name=\"twitter:data1\" content=\"3 minutes\" \/>\n<script type=\"application\/ld+json\" class=\"yoast-schema-graph\">{\"@context\":\"https:\\\/\\\/schema.org\",\"@graph\":[{\"@type\":\"WebPage\",\"@id\":\"https:\\\/\\\/www.lindquistheating.se\\\/en\\\/products\\\/heating-boilers\\\/pellet-boiler\\\/\",\"url\":\"https:\\\/\\\/www.lindquistheating.se\\\/en\\\/products\\\/heating-boilers\\\/pellet-boiler\\\/\",\"name\":\"Pellet boiler - Lindquist Heating AB\",\"isPartOf\":{\"@id\":\"https:\\\/\\\/www.lindquistheating.se\\\/#website\"},\"datePublished\":\"2015-11-23T10:38:17+00:00\",\"dateModified\":\"2024-09-09T07:42:44+00:00\",\"breadcrumb\":{\"@id\":\"https:\\\/\\\/www.lindquistheating.se\\\/en\\\/products\\\/heating-boilers\\\/pellet-boiler\\\/#breadcrumb\"},\"inLanguage\":\"en-US\",\"potentialAction\":[{\"@type\":\"ReadAction\",\"target\":[\"https:\\\/\\\/www.lindquistheating.se\\\/en\\\/products\\\/heating-boilers\\\/pellet-boiler\\\/\"]}]},{\"@type\":\"BreadcrumbList\",\"@id\":\"https:\\\/\\\/www.lindquistheating.se\\\/en\\\/products\\\/heating-boilers\\\/pellet-boiler\\\/#breadcrumb\",\"itemListElement\":[{\"@type\":\"ListItem\",\"position\":1,\"name\":\"Hem\",\"item\":\"https:\\\/\\\/www.lindquistheating.se\\\/en\\\/\"},{\"@type\":\"ListItem\",\"position\":2,\"name\":\"Products\",\"item\":\"https:\\\/\\\/www.lindquistheating.se\\\/en\\\/products\\\/\"},{\"@type\":\"ListItem\",\"position\":3,\"name\":\"Heating boilers\",\"item\":\"https:\\\/\\\/www.lindquistheating.se\\\/en\\\/products\\\/heating-boilers\\\/\"},{\"@type\":\"ListItem\",\"position\":4,\"name\":\"Pellet boiler\"}]},{\"@type\":\"WebSite\",\"@id\":\"https:\\\/\\\/www.lindquistheating.se\\\/#website\",\"url\":\"https:\\\/\\\/www.lindquistheating.se\\\/\",\"name\":\"Lindquist Heating AB\",\"description\":\"&quot;N\u00e4r pris och livsl\u00e4ngd f\u00e5r avg\u00f6ra&quot;\",\"publisher\":{\"@id\":\"https:\\\/\\\/www.lindquistheating.se\\\/#organization\"},\"potentialAction\":[{\"@type\":\"SearchAction\",\"target\":{\"@type\":\"EntryPoint\",\"urlTemplate\":\"https:\\\/\\\/www.lindquistheating.se\\\/?s={search_term_string}\"},\"query-input\":{\"@type\":\"PropertyValueSpecification\",\"valueRequired\":true,\"valueName\":\"search_term_string\"}}],\"inLanguage\":\"en-US\"},{\"@type\":\"Organization\",\"@id\":\"https:\\\/\\\/www.lindquistheating.se\\\/#organization\",\"name\":\"Lindquist Heating AB\",\"url\":\"https:\\\/\\\/www.lindquistheating.se\\\/\",\"logo\":{\"@type\":\"ImageObject\",\"inLanguage\":\"en-US\",\"@id\":\"https:\\\/\\\/www.lindquistheating.se\\\/#\\\/schema\\\/logo\\\/image\\\/\",\"url\":\"https:\\\/\\\/www.lindquistheating.se\\\/wp-content\\\/uploads\\\/2020\\\/03\\\/lindquistheating-logo.png\",\"contentUrl\":\"https:\\\/\\\/www.lindquistheating.se\\\/wp-content\\\/uploads\\\/2020\\\/03\\\/lindquistheating-logo.png\",\"width\":320,\"height\":64,\"caption\":\"Lindquist Heating AB\"},\"image\":{\"@id\":\"https:\\\/\\\/www.lindquistheating.se\\\/#\\\/schema\\\/logo\\\/image\\\/\"}}]}<\/script>\n<!-- \/ Yoast SEO plugin. -->","yoast_head_json":{"title":"Pellet boiler - Lindquist Heating AB","robots":{"index":"index","follow":"follow","max-snippet":"max-snippet:-1","max-image-preview":"max-image-preview:large","max-video-preview":"max-video-preview:-1"},"canonical":"https:\/\/www.lindquistheating.se\/en\/products\/heating-boilers\/pellet-boiler\/","og_locale":"en_US","og_type":"article","og_title":"Pellet boiler - Lindquist Heating AB","og_description":"[vc_row css=&#8221;.vc_custom_1725525271345{padding-right: 60px !important;padding-left: 60px !important;}&#8221; woodmart_css_id=&#8221;66d96d128b0a5&#8243; responsive_spacing=&#8221;eyJwYXJhbV90eXBlIjoid29vZG1hcnRfcmVzcG9uc2l2ZV9zcGFjaW5nIiwic2VsZWN0b3JfaWQiOiI2NmQ5NmQxMjhiMGE1Iiwic2hvcnRjb2RlIjoidmNfcm93IiwiZGF0YSI6eyJ0YWJsZXQiOnt9LCJtb2JpbGUiOnsicGFkZGluZy1yaWdodCI6IjEwIiwicGFkZGluZy1sZWZ0IjoiMTAifX19&#8243; mobile_bg_img_hidden=&#8221;no&#8221; tablet_bg_img_hidden=&#8221;no&#8221; woodmart_parallax=&#8221;0&#8243; woodmart_gradient_switch=&#8221;no&#8221; woodmart_box_shadow=&#8221;no&#8221; wd_z_index=&#8221;no&#8221; woodmart_disable_overflow=&#8221;0&#8243; row_reverse_mobile=&#8221;0&#8243; row_reverse_tablet=&#8221;0&#8243;][vc_column][\/vc_column][\/vc_row][vc_section full_width=&#8221;stretch_row&#8221; el_class=&#8221;mobile-bg-img-hidden&#8221; css=&#8221;.vc_custom_1537365369007{margin-bottom:","og_url":"https:\/\/www.lindquistheating.se\/en\/products\/heating-boilers\/pellet-boiler\/","og_site_name":"Lindquist Heating AB","article_modified_time":"2024-09-09T07:42:44+00:00","twitter_card":"summary_large_image","twitter_misc":{"Est. reading time":"3 minutes"},"schema":{"@context":"https:\/\/schema.org","@graph":[{"@type":"WebPage","@id":"https:\/\/www.lindquistheating.se\/en\/products\/heating-boilers\/pellet-boiler\/","url":"https:\/\/www.lindquistheating.se\/en\/products\/heating-boilers\/pellet-boiler\/","name":"Pellet boiler - Lindquist Heating AB","isPartOf":{"@id":"https:\/\/www.lindquistheating.se\/#website"},"datePublished":"2015-11-23T10:38:17+00:00","dateModified":"2024-09-09T07:42:44+00:00","breadcrumb":{"@id":"https:\/\/www.lindquistheating.se\/en\/products\/heating-boilers\/pellet-boiler\/#breadcrumb"},"inLanguage":"en-US","potentialAction":[{"@type":"ReadAction","target":["https:\/\/www.lindquistheating.se\/en\/products\/heating-boilers\/pellet-boiler\/"]}]},{"@type":"BreadcrumbList","@id":"https:\/\/www.lindquistheating.se\/en\/products\/heating-boilers\/pellet-boiler\/#breadcrumb","itemListElement":[{"@type":"ListItem","position":1,"name":"Hem","item":"https:\/\/www.lindquistheating.se\/en\/"},{"@type":"ListItem","position":2,"name":"Products","item":"https:\/\/www.lindquistheating.se\/en\/products\/"},{"@type":"ListItem","position":3,"name":"Heating boilers","item":"https:\/\/www.lindquistheating.se\/en\/products\/heating-boilers\/"},{"@type":"ListItem","position":4,"name":"Pellet boiler"}]},{"@type":"WebSite","@id":"https:\/\/www.lindquistheating.se\/#website","url":"https:\/\/www.lindquistheating.se\/","name":"Lindquist Heating AB","description":"&quot;N\u00e4r pris och livsl\u00e4ngd f\u00e5r avg\u00f6ra&quot;","publisher":{"@id":"https:\/\/www.lindquistheating.se\/#organization"},"potentialAction":[{"@type":"SearchAction","target":{"@type":"EntryPoint","urlTemplate":"https:\/\/www.lindquistheating.se\/?s={search_term_string}"},"query-input":{"@type":"PropertyValueSpecification","valueRequired":true,"valueName":"search_term_string"}}],"inLanguage":"en-US"},{"@type":"Organization","@id":"https:\/\/www.lindquistheating.se\/#organization","name":"Lindquist Heating AB","url":"https:\/\/www.lindquistheating.se\/","logo":{"@type":"ImageObject","inLanguage":"en-US","@id":"https:\/\/www.lindquistheating.se\/#\/schema\/logo\/image\/","url":"https:\/\/www.lindquistheating.se\/wp-content\/uploads\/2020\/03\/lindquistheating-logo.png","contentUrl":"https:\/\/www.lindquistheating.se\/wp-content\/uploads\/2020\/03\/lindquistheating-logo.png","width":320,"height":64,"caption":"Lindquist Heating AB"},"image":{"@id":"https:\/\/www.lindquistheating.se\/#\/schema\/logo\/image\/"}}]}},"_links":{"self":[{"href":"https:\/\/www.lindquistheating.se\/en\/wp-json\/wp\/v2\/pages\/2372","targetHints":{"allow":["GET"]}}],"collection":[{"href":"https:\/\/www.lindquistheating.se\/en\/wp-json\/wp\/v2\/pages"}],"about":[{"href":"https:\/\/www.lindquistheating.se\/en\/wp-json\/wp\/v2\/types\/page"}],"author":[{"embeddable":true,"href":"https:\/\/www.lindquistheating.se\/en\/wp-json\/wp\/v2\/users\/8"}],"replies":[{"embeddable":true,"href":"https:\/\/www.lindquistheating.se\/en\/wp-json\/wp\/v2\/comments?post=2372"}],"version-history":[{"count":6,"href":"https:\/\/www.lindquistheating.se\/en\/wp-json\/wp\/v2\/pages\/2372\/revisions"}],"predecessor-version":[{"id":11658,"href":"https:\/\/www.lindquistheating.se\/en\/wp-json\/wp\/v2\/pages\/2372\/revisions\/11658"}],"up":[{"embeddable":true,"href":"https:\/\/www.lindquistheating.se\/en\/wp-json\/wp\/v2\/pages\/2348"}],"wp:attachment":[{"href":"https:\/\/www.lindquistheating.se\/en\/wp-json\/wp\/v2\/media?parent=2372"}],"curies":[{"name":"wp","href":"https:\/\/api.w.org\/{rel}","templated":true}]}}