{"id":2348,"date":"2015-11-23T11:10:33","date_gmt":"2015-11-23T10:10:33","guid":{"rendered":"http:\/\/dev.lindquistheating.se\/?page_id=2348"},"modified":"2024-09-09T09:42:10","modified_gmt":"2024-09-09T07:42:10","slug":"heating-boilers","status":"publish","type":"page","link":"https:\/\/www.lindquistheating.se\/en\/products\/heating-boilers\/","title":{"rendered":"Heating boilers"},"content":{"rendered":"<div class=\"wpb-content-wrapper\"><p>[vc_row css=&#8221;.vc_custom_1725525362557{padding-right: 60px !important;padding-left: 60px !important;}&#8221; woodmart_css_id=&#8221;66d96d6d4be1d&#8221; responsive_spacing=&#8221;eyJwYXJhbV90eXBlIjoid29vZG1hcnRfcmVzcG9uc2l2ZV9zcGFjaW5nIiwic2VsZWN0b3JfaWQiOiI2NmQ5NmQ2ZDRiZTFkIiwic2hvcnRjb2RlIjoidmNfcm93IiwiZGF0YSI6eyJ0YWJsZXQiOnt9LCJtb2JpbGUiOnsicGFkZGluZy1yaWdodCI6IjEwIiwicGFkZGluZy1sZWZ0IjoiMTAifX19&#8243; mobile_bg_img_hidden=&#8221;no&#8221; tablet_bg_img_hidden=&#8221;no&#8221; woodmart_parallax=&#8221;0&#8243; woodmart_gradient_switch=&#8221;no&#8221; woodmart_box_shadow=&#8221;no&#8221; wd_z_index=&#8221;no&#8221; woodmart_disable_overflow=&#8221;0&#8243; row_reverse_mobile=&#8221;0&#8243; row_reverse_tablet=&#8221;0&#8243;][vc_column]\t\t<div id=\"wd-66d96d6637e96\" class=\"wd-text-block wd-wpb reset-last-child wd-rs-66d96d6637e96 text-center \">\n\t\t\t<p>For decades, cast iron heating boilers have been a reliable and inexpensive source of heating for everything from small cabins to large manor houses. Cast iron heating boilers offer many advantages. A simple design that is operationally reliable and very durable. It is generally considered that a cast iron wood boiler will have a service life of 50 years or more.<\/p>\n\t\t<\/div>\n\t\t[\/vc_column][\/vc_row][vc_section full_width=&#8221;stretch_row&#8221; el_class=&#8221;mobile-bg-img-hidden&#8221; css=&#8221;.vc_custom_1725525406193{padding-top: 5vh !important;padding-right: 60px !important;padding-bottom: 5vh !important;padding-left: 60px !important;background-color: #202020 !important;background-position: center !important;background-repeat: no-repeat !important;background-size: cover !important;}&#8221; woodmart_css_id=&#8221;66d96d9761490&#8243; responsive_spacing=&#8221;eyJwYXJhbV90eXBlIjoid29vZG1hcnRfcmVzcG9uc2l2ZV9zcGFjaW5nIiwic2VsZWN0b3JfaWQiOiI2NmQ5NmQ5NzYxNDkwIiwic2hvcnRjb2RlIjoidmNfc2VjdGlvbiIsImRhdGEiOnsidGFibGV0Ijp7fSwibW9iaWxlIjp7InBhZGRpbmctcmlnaHQiOiIxMCIsInBhZGRpbmctbGVmdCI6IjEwIn19fQ==&#8221; mobile_bg_img_hidden=&#8221;no&#8221; tablet_bg_img_hidden=&#8221;no&#8221; woodmart_parallax=&#8221;0&#8243; woodmart_gradient_switch=&#8221;no&#8221; woodmart_box_shadow=&#8221;no&#8221; wd_z_index=&#8221;no&#8221; woodmart_disable_overflow=&#8221;0&#8243;][vc_row content_placement=&#8221;top&#8221; css=&#8221;.vc_custom_1537359990929{margin-bottom: 2vh !important;}&#8221;][vc_column width=&#8221;1\/3&#8243; woodmart_color_scheme=&#8221;light&#8221; css=&#8221;.vc_custom_1537345811838{margin-bottom: 2vh !important;padding-top: 0px !important;}&#8221;][vc_single_image image=&#8221;4979&#8243; img_size=&#8221;full&#8221; alignment=&#8221;center&#8221;][vc_single_image image=&#8221;4995&#8243; img_size=&#8221;full&#8221;]\t\t\t<div id=\"wd-69e1a34a82b43\" class=\"wd-text-block-wrapper wd-wpb color-scheme-light text-left vc_custom_1537358234193\">\n\t\t\t\t<div class=\"woodmart-title-container woodmart-text-block reset-last-child font-primary wd-font-weight-600 \">\n\t\t\t\t\tWood boilers\t\t\t\t<\/div>\n\n\t\t\t\t\t\t\t<\/div>\n\t\t\t\t\t<div id=\"wd-69e1a34a82b7c\" class=\"wd-text-block-wrapper wd-wpb color-scheme- text-left \">\n\t\t\t\t<div class=\"woodmart-title-container woodmart-text-block reset-last-child font-text wd-font-weight- \">\n\t\t\t\t\t<\/p>\n<ul>\n<li>Double the lifetime compared to sheet metal wood boilers<\/li>\n<li>5 year guarantee<\/li>\n<li>Several sizes, 50-90 cm wood<\/li>\n<li>Output using pellets 18-70kW<\/li>\n<li>Efficiency 78%<\/li>\n<\/ul>\n<p>\t\t\t\t<\/div>\n\n\t\t\t\t\t\t\t<\/div>\n\t\t<div id=\"wd-69e1a34a82bb2\" class=\"  wd-button-wrapper text-center inline-element\"><a href=\"\/en\/products\/heating-boilers\/wood-boilers\/\" title=\"\" class=\"btn btn-color-primary btn-style-default btn-shape-rectangle btn-size-default\">Read more<\/a><\/div>[\/vc_column][vc_column width=&#8221;1\/3&#8243; woodmart_color_scheme=&#8221;light&#8221; css=&#8221;.vc_custom_1537358752725{margin-bottom: 2vh !important;padding-top: 0px !important;}&#8221;][vc_single_image image=&#8221;4981&#8243; img_size=&#8221;full&#8221; alignment=&#8221;center&#8221;][vc_single_image image=&#8221;4998&#8243; img_size=&#8221;full&#8221;]\t\t\t<div id=\"wd-69e1a34a82bcd\" class=\"wd-text-block-wrapper wd-wpb color-scheme-light text-left vc_custom_1537358311970\">\n\t\t\t\t<div class=\"woodmart-title-container woodmart-text-block reset-last-child font-primary wd-font-weight-600 \">\n\t\t\t\t\tPellet boilers\t\t\t\t<\/div>\n\n\t\t\t\t\t\t\t<\/div>\n\t\t\t\t\t<div id=\"wd-69e1a34a82be9\" class=\"wd-text-block-wrapper wd-wpb color-scheme- text-left \">\n\t\t\t\t<div class=\"woodmart-title-container woodmart-text-block reset-last-child font-text wd-font-weight- \">\n\t\t\t\t\t<\/p>\n<ul>\n<li>Environmentally approved wood boiler 30-170 kW<\/li>\n<li>Double the lifetime compared to sheet metal wood boilers<\/li>\n<li>Wood length up to 135 cm<\/li>\n<li>5 year guarantee<\/li>\n<li>Efficiency 90%<\/li>\n<\/ul>\n<p>\t\t\t\t<\/div>\n\n\t\t\t\t\t\t\t<\/div>\n\t\t<div id=\"wd-69e1a34a82c06\" class=\"  wd-button-wrapper text-center inline-element\"><a href=\"\/en\/products\/heating-boilers\/pellet-boiler\/\" title=\"\" class=\"btn btn-color-primary btn-style-default btn-shape-rectangle btn-size-default\">Read more<\/a><\/div>[\/vc_column][vc_column width=&#8221;1\/3&#8243; woodmart_color_scheme=&#8221;light&#8221;][vc_single_image image=&#8221;4983&#8243; img_size=&#8221;full&#8221; alignment=&#8221;center&#8221;][vc_single_image image=&#8221;4998&#8243; img_size=&#8221;full&#8221;]\t\t\t<div id=\"wd-69e1a34a82c19\" class=\"wd-text-block-wrapper wd-wpb color-scheme-light text-left vc_custom_1537358322010\">\n\t\t\t\t<div class=\"woodmart-title-container woodmart-text-block reset-last-child font-primary wd-font-weight-600 \">\n\t\t\t\t\tPellet burners\t\t\t\t<\/div>\n\n\t\t\t\t\t\t\t<\/div>\n\t\t\t\t\t<div id=\"wd-69e1a34a82c3e\" class=\"wd-text-block-wrapper wd-wpb color-scheme- text-left \">\n\t\t\t\t<div class=\"woodmart-title-container woodmart-text-block reset-last-child font-text wd-font-weight- \">\n\t\t\t\t\t<\/p>\n<ul>\n<li>Roslagsbr\u00e4nnaren pellet burner<\/li>\n<li>Several sizes, 20\/50\/70 kW<\/li>\n<li>4 year guarantee<\/li>\n<li>Can handle poorer B-grade pellets<\/li>\n<li>Efficiency 96%<\/li>\n<\/ul>\n<p>\t\t\t\t<\/div>\n\n\t\t\t\t\t\t\t<\/div>\n\t\t<div id=\"wd-69e1a34a82c5c\" class=\"  wd-button-wrapper text-center inline-element\"><a href=\"\/en\/products\/pellet-burner\/\" title=\"\" class=\"btn btn-color-primary btn-style-default btn-shape-rectangle btn-size-default\">Read more<\/a><\/div>[\/vc_column][\/vc_row][\/vc_section][vc_row css=&#8221;.vc_custom_1725525387932{padding-top: 5vh !important;padding-right: 60px !important;padding-left: 60px !important;}&#8221; woodmart_css_id=&#8221;66d96d862ebf1&#8243; responsive_spacing=&#8221;eyJwYXJhbV90eXBlIjoid29vZG1hcnRfcmVzcG9uc2l2ZV9zcGFjaW5nIiwic2VsZWN0b3JfaWQiOiI2NmQ5NmQ4NjJlYmYxIiwic2hvcnRjb2RlIjoidmNfcm93IiwiZGF0YSI6eyJ0YWJsZXQiOnt9LCJtb2JpbGUiOnsicGFkZGluZy1yaWdodCI6IjEwIiwicGFkZGluZy1sZWZ0IjoiMTAifX19&#8243; mobile_bg_img_hidden=&#8221;no&#8221; tablet_bg_img_hidden=&#8221;no&#8221; woodmart_parallax=&#8221;0&#8243; woodmart_gradient_switch=&#8221;no&#8221; woodmart_box_shadow=&#8221;no&#8221; wd_z_index=&#8221;no&#8221; woodmart_disable_overflow=&#8221;0&#8243; row_reverse_mobile=&#8221;0&#8243; row_reverse_tablet=&#8221;0&#8243;][vc_column][vc_column_text]When you select a cast iron boiler from the Czech Republic, you know that it has been made by people who have long experience of wood-burning and of cold winters.<\/p>\n<p>More and more people are discovering the benefits of burning wood, especially as cast iron wood boilers usually have a lifetime of 50 years or more. The boilers are usually very heavy as well, proving that they comprise a large amount of cast iron ensuring the optimum lifetime.<\/p>\n<p>Our wood boilers have the name Viadrus and have been warmly welcomed by owners all over Sweden.<\/p>\n<p>Our low prices and the high quality of the products mean that we are now the market-leading retailer of cast iron wood boilers.<\/p>\n<p>Here are a few comments from happy owners of VIADRUS cast iron wood boilers:<\/p>\n<p>\u201cIt\u2019s nice not to have ceramics, which only last a few years anyway\u201d<br \/>\n\u201cThe wood feed on my 50 kW\/90 cm model is so big that I can fit in loads of wood\u201d<br \/>\n\u201cI save 30% of wood compared to my sheet metal boiler, which was only 12 years old\u201d<br \/>\n\u201cYou don\u2019t need to be particularly clever to understand the benefits of a cast iron boiler\u201d<br \/>\n\u201cEven if the accumulator tank is cold when I get home, I can still have a hot shower after burning wood for just 15 minutes\u201d<br \/>\n\u201cWith my old combi-boiler, I was in the boiler room for an hour every day, now it is just 5-10 minutes\u201d<br \/>\n\u201cThanks to the small built-in dimensions, I could fit the boiler in my little boiler room\u201d<br \/>\n\u201cFinally an easy-to-clean boiler with no fan or other peculiarities,\u201d said the chimney-sweep<br \/>\n\u201cI couldn\u2019t resist buying it \u2013 it was half the price and double the lifetime\u201d<br \/>\n\u201cIt is so easy to fire, my 7-year-old daughter is happy to do it\u201d<br \/>\n\u201cThe boiler reaches 90\u00b0C in 10 minutes\u201d<\/p>\n<p>Lindquist Heating AB was awarded the highly desirable agency for VIADRUS cast iron wood boilers in 1998.[\/vc_column_text][\/vc_column][\/vc_row]<\/p>\n<\/div>","protected":false},"excerpt":{"rendered":"<p>[vc_row css=&#8221;.vc_custom_1725525362557{padding-right: 60px !important;padding-left: 60px !important;}&#8221; woodmart_css_id=&#8221;66d96d6d4be1d&#8221; responsive_spacing=&#8221;eyJwYXJhbV90eXBlIjoid29vZG1hcnRfcmVzcG9uc2l2ZV9zcGFjaW5nIiwic2VsZWN0b3JfaWQiOiI2NmQ5NmQ2ZDRiZTFkIiwic2hvcnRjb2RlIjoidmNfcm93IiwiZGF0YSI6eyJ0YWJsZXQiOnt9LCJtb2JpbGUiOnsicGFkZGluZy1yaWdodCI6IjEwIiwicGFkZGluZy1sZWZ0IjoiMTAifX19&#8243; mobile_bg_img_hidden=&#8221;no&#8221; tablet_bg_img_hidden=&#8221;no&#8221; woodmart_parallax=&#8221;0&#8243; woodmart_gradient_switch=&#8221;no&#8221; woodmart_box_shadow=&#8221;no&#8221; wd_z_index=&#8221;no&#8221; woodmart_disable_overflow=&#8221;0&#8243; row_reverse_mobile=&#8221;0&#8243; row_reverse_tablet=&#8221;0&#8243;][vc_column][\/vc_column][\/vc_row][vc_section full_width=&#8221;stretch_row&#8221; el_class=&#8221;mobile-bg-img-hidden&#8221; css=&#8221;.vc_custom_1725525406193{padding-top:<\/p>\n","protected":false},"author":8,"featured_media":0,"parent":2328,"menu_order":1,"comment_status":"closed","ping_status":"closed","template":"","meta":{"_acf_changed":false,"footnotes":""},"class_list":["post-2348","page","type-page","status-publish","hentry"],"acf":[],"yoast_head":"<!-- This site is optimized with the Yoast SEO plugin v26.1.1 - https:\/\/yoast.com\/wordpress\/plugins\/seo\/ -->\n<title>Heating boilers - Lindquist Heating AB<\/title>\n<meta name=\"robots\" content=\"index, follow, max-snippet:-1, max-image-preview:large, max-video-preview:-1\" \/>\n<link rel=\"canonical\" href=\"https:\/\/www.lindquistheating.se\/en\/products\/heating-boilers\/\" \/>\n<meta property=\"og:locale\" content=\"en_US\" \/>\n<meta property=\"og:type\" content=\"article\" \/>\n<meta property=\"og:title\" content=\"Heating boilers - Lindquist Heating AB\" \/>\n<meta property=\"og:description\" content=\"[vc_row css=&#8221;.vc_custom_1725525362557{padding-right: 60px !important;padding-left: 60px !important;}&#8221; woodmart_css_id=&#8221;66d96d6d4be1d&#8221; responsive_spacing=&#8221;eyJwYXJhbV90eXBlIjoid29vZG1hcnRfcmVzcG9uc2l2ZV9zcGFjaW5nIiwic2VsZWN0b3JfaWQiOiI2NmQ5NmQ2ZDRiZTFkIiwic2hvcnRjb2RlIjoidmNfcm93IiwiZGF0YSI6eyJ0YWJsZXQiOnt9LCJtb2JpbGUiOnsicGFkZGluZy1yaWdodCI6IjEwIiwicGFkZGluZy1sZWZ0IjoiMTAifX19&#8243; mobile_bg_img_hidden=&#8221;no&#8221; tablet_bg_img_hidden=&#8221;no&#8221; woodmart_parallax=&#8221;0&#8243; woodmart_gradient_switch=&#8221;no&#8221; woodmart_box_shadow=&#8221;no&#8221; wd_z_index=&#8221;no&#8221; woodmart_disable_overflow=&#8221;0&#8243; row_reverse_mobile=&#8221;0&#8243; row_reverse_tablet=&#8221;0&#8243;][vc_column][\/vc_column][\/vc_row][vc_section full_width=&#8221;stretch_row&#8221; el_class=&#8221;mobile-bg-img-hidden&#8221; css=&#8221;.vc_custom_1725525406193{padding-top:\" \/>\n<meta property=\"og:url\" content=\"https:\/\/www.lindquistheating.se\/en\/products\/heating-boilers\/\" \/>\n<meta property=\"og:site_name\" content=\"Lindquist Heating AB\" \/>\n<meta property=\"article:modified_time\" content=\"2024-09-09T07:42:10+00:00\" \/>\n<meta name=\"twitter:card\" content=\"summary_large_image\" \/>\n<meta name=\"twitter:label1\" content=\"Est. reading time\" \/>\n\t<meta name=\"twitter:data1\" content=\"4 minutes\" \/>\n<script type=\"application\/ld+json\" class=\"yoast-schema-graph\">{\"@context\":\"https:\/\/schema.org\",\"@graph\":[{\"@type\":\"WebPage\",\"@id\":\"https:\/\/www.lindquistheating.se\/en\/products\/heating-boilers\/\",\"url\":\"https:\/\/www.lindquistheating.se\/en\/products\/heating-boilers\/\",\"name\":\"Heating boilers - Lindquist Heating AB\",\"isPartOf\":{\"@id\":\"https:\/\/www.lindquistheating.se\/#website\"},\"datePublished\":\"2015-11-23T10:10:33+00:00\",\"dateModified\":\"2024-09-09T07:42:10+00:00\",\"breadcrumb\":{\"@id\":\"https:\/\/www.lindquistheating.se\/en\/products\/heating-boilers\/#breadcrumb\"},\"inLanguage\":\"en-US\",\"potentialAction\":[{\"@type\":\"ReadAction\",\"target\":[\"https:\/\/www.lindquistheating.se\/en\/products\/heating-boilers\/\"]}]},{\"@type\":\"BreadcrumbList\",\"@id\":\"https:\/\/www.lindquistheating.se\/en\/products\/heating-boilers\/#breadcrumb\",\"itemListElement\":[{\"@type\":\"ListItem\",\"position\":1,\"name\":\"Hem\",\"item\":\"https:\/\/www.lindquistheating.se\/en\/\"},{\"@type\":\"ListItem\",\"position\":2,\"name\":\"Products\",\"item\":\"https:\/\/www.lindquistheating.se\/en\/products\/\"},{\"@type\":\"ListItem\",\"position\":3,\"name\":\"Heating boilers\"}]},{\"@type\":\"WebSite\",\"@id\":\"https:\/\/www.lindquistheating.se\/#website\",\"url\":\"https:\/\/www.lindquistheating.se\/\",\"name\":\"Lindquist Heating AB\",\"description\":\"&quot;N\u00e4r pris och livsl\u00e4ngd f\u00e5r avg\u00f6ra&quot;\",\"publisher\":{\"@id\":\"https:\/\/www.lindquistheating.se\/#organization\"},\"potentialAction\":[{\"@type\":\"SearchAction\",\"target\":{\"@type\":\"EntryPoint\",\"urlTemplate\":\"https:\/\/www.lindquistheating.se\/?s={search_term_string}\"},\"query-input\":{\"@type\":\"PropertyValueSpecification\",\"valueRequired\":true,\"valueName\":\"search_term_string\"}}],\"inLanguage\":\"en-US\"},{\"@type\":\"Organization\",\"@id\":\"https:\/\/www.lindquistheating.se\/#organization\",\"name\":\"Lindquist Heating AB\",\"url\":\"https:\/\/www.lindquistheating.se\/\",\"logo\":{\"@type\":\"ImageObject\",\"inLanguage\":\"en-US\",\"@id\":\"https:\/\/www.lindquistheating.se\/#\/schema\/logo\/image\/\",\"url\":\"https:\/\/www.lindquistheating.se\/wp-content\/uploads\/2020\/03\/lindquistheating-logo.png\",\"contentUrl\":\"https:\/\/www.lindquistheating.se\/wp-content\/uploads\/2020\/03\/lindquistheating-logo.png\",\"width\":320,\"height\":64,\"caption\":\"Lindquist Heating AB\"},\"image\":{\"@id\":\"https:\/\/www.lindquistheating.se\/#\/schema\/logo\/image\/\"}}]}<\/script>\n<!-- \/ Yoast SEO plugin. -->","yoast_head_json":{"title":"Heating boilers - Lindquist Heating AB","robots":{"index":"index","follow":"follow","max-snippet":"max-snippet:-1","max-image-preview":"max-image-preview:large","max-video-preview":"max-video-preview:-1"},"canonical":"https:\/\/www.lindquistheating.se\/en\/products\/heating-boilers\/","og_locale":"en_US","og_type":"article","og_title":"Heating boilers - Lindquist Heating AB","og_description":"[vc_row css=&#8221;.vc_custom_1725525362557{padding-right: 60px !important;padding-left: 60px !important;}&#8221; woodmart_css_id=&#8221;66d96d6d4be1d&#8221; responsive_spacing=&#8221;eyJwYXJhbV90eXBlIjoid29vZG1hcnRfcmVzcG9uc2l2ZV9zcGFjaW5nIiwic2VsZWN0b3JfaWQiOiI2NmQ5NmQ2ZDRiZTFkIiwic2hvcnRjb2RlIjoidmNfcm93IiwiZGF0YSI6eyJ0YWJsZXQiOnt9LCJtb2JpbGUiOnsicGFkZGluZy1yaWdodCI6IjEwIiwicGFkZGluZy1sZWZ0IjoiMTAifX19&#8243; mobile_bg_img_hidden=&#8221;no&#8221; tablet_bg_img_hidden=&#8221;no&#8221; woodmart_parallax=&#8221;0&#8243; woodmart_gradient_switch=&#8221;no&#8221; woodmart_box_shadow=&#8221;no&#8221; wd_z_index=&#8221;no&#8221; woodmart_disable_overflow=&#8221;0&#8243; row_reverse_mobile=&#8221;0&#8243; row_reverse_tablet=&#8221;0&#8243;][vc_column][\/vc_column][\/vc_row][vc_section full_width=&#8221;stretch_row&#8221; el_class=&#8221;mobile-bg-img-hidden&#8221; css=&#8221;.vc_custom_1725525406193{padding-top:","og_url":"https:\/\/www.lindquistheating.se\/en\/products\/heating-boilers\/","og_site_name":"Lindquist Heating AB","article_modified_time":"2024-09-09T07:42:10+00:00","twitter_card":"summary_large_image","twitter_misc":{"Est. reading time":"4 minutes"},"schema":{"@context":"https:\/\/schema.org","@graph":[{"@type":"WebPage","@id":"https:\/\/www.lindquistheating.se\/en\/products\/heating-boilers\/","url":"https:\/\/www.lindquistheating.se\/en\/products\/heating-boilers\/","name":"Heating boilers - Lindquist Heating AB","isPartOf":{"@id":"https:\/\/www.lindquistheating.se\/#website"},"datePublished":"2015-11-23T10:10:33+00:00","dateModified":"2024-09-09T07:42:10+00:00","breadcrumb":{"@id":"https:\/\/www.lindquistheating.se\/en\/products\/heating-boilers\/#breadcrumb"},"inLanguage":"en-US","potentialAction":[{"@type":"ReadAction","target":["https:\/\/www.lindquistheating.se\/en\/products\/heating-boilers\/"]}]},{"@type":"BreadcrumbList","@id":"https:\/\/www.lindquistheating.se\/en\/products\/heating-boilers\/#breadcrumb","itemListElement":[{"@type":"ListItem","position":1,"name":"Hem","item":"https:\/\/www.lindquistheating.se\/en\/"},{"@type":"ListItem","position":2,"name":"Products","item":"https:\/\/www.lindquistheating.se\/en\/products\/"},{"@type":"ListItem","position":3,"name":"Heating boilers"}]},{"@type":"WebSite","@id":"https:\/\/www.lindquistheating.se\/#website","url":"https:\/\/www.lindquistheating.se\/","name":"Lindquist Heating AB","description":"&quot;N\u00e4r pris och livsl\u00e4ngd f\u00e5r avg\u00f6ra&quot;","publisher":{"@id":"https:\/\/www.lindquistheating.se\/#organization"},"potentialAction":[{"@type":"SearchAction","target":{"@type":"EntryPoint","urlTemplate":"https:\/\/www.lindquistheating.se\/?s={search_term_string}"},"query-input":{"@type":"PropertyValueSpecification","valueRequired":true,"valueName":"search_term_string"}}],"inLanguage":"en-US"},{"@type":"Organization","@id":"https:\/\/www.lindquistheating.se\/#organization","name":"Lindquist Heating AB","url":"https:\/\/www.lindquistheating.se\/","logo":{"@type":"ImageObject","inLanguage":"en-US","@id":"https:\/\/www.lindquistheating.se\/#\/schema\/logo\/image\/","url":"https:\/\/www.lindquistheating.se\/wp-content\/uploads\/2020\/03\/lindquistheating-logo.png","contentUrl":"https:\/\/www.lindquistheating.se\/wp-content\/uploads\/2020\/03\/lindquistheating-logo.png","width":320,"height":64,"caption":"Lindquist Heating AB"},"image":{"@id":"https:\/\/www.lindquistheating.se\/#\/schema\/logo\/image\/"}}]}},"_links":{"self":[{"href":"https:\/\/www.lindquistheating.se\/en\/wp-json\/wp\/v2\/pages\/2348","targetHints":{"allow":["GET"]}}],"collection":[{"href":"https:\/\/www.lindquistheating.se\/en\/wp-json\/wp\/v2\/pages"}],"about":[{"href":"https:\/\/www.lindquistheating.se\/en\/wp-json\/wp\/v2\/types\/page"}],"author":[{"embeddable":true,"href":"https:\/\/www.lindquistheating.se\/en\/wp-json\/wp\/v2\/users\/8"}],"replies":[{"embeddable":true,"href":"https:\/\/www.lindquistheating.se\/en\/wp-json\/wp\/v2\/comments?post=2348"}],"version-history":[{"count":6,"href":"https:\/\/www.lindquistheating.se\/en\/wp-json\/wp\/v2\/pages\/2348\/revisions"}],"predecessor-version":[{"id":11656,"href":"https:\/\/www.lindquistheating.se\/en\/wp-json\/wp\/v2\/pages\/2348\/revisions\/11656"}],"up":[{"embeddable":true,"href":"https:\/\/www.lindquistheating.se\/en\/wp-json\/wp\/v2\/pages\/2328"}],"wp:attachment":[{"href":"https:\/\/www.lindquistheating.se\/en\/wp-json\/wp\/v2\/media?parent=2348"}],"curies":[{"name":"wp","href":"https:\/\/api.w.org\/{rel}","templated":true}]}}