{"id":2331,"date":"2015-11-23T10:18:40","date_gmt":"2015-11-23T09:18:40","guid":{"rendered":"http:\/\/dev.lindquistheating.se\/?page_id=2331"},"modified":"2024-09-09T09:44:51","modified_gmt":"2024-09-09T07:44:51","slug":"company","status":"publish","type":"page","link":"https:\/\/www.lindquistheating.se\/en\/company\/","title":{"rendered":"Company"},"content":{"rendered":"<div class=\"wpb-content-wrapper\"><p>[vc_row css=&#8221;.vc_custom_1725524469371{padding-right: 60px !important;padding-left: 60px !important;}&#8221; woodmart_css_id=&#8221;66d969ee9b65f&#8221; responsive_spacing=&#8221;eyJwYXJhbV90eXBlIjoid29vZG1hcnRfcmVzcG9uc2l2ZV9zcGFjaW5nIiwic2VsZWN0b3JfaWQiOiI2NmQ5NjllZTliNjVmIiwic2hvcnRjb2RlIjoidmNfcm93IiwiZGF0YSI6eyJ0YWJsZXQiOnt9LCJtb2JpbGUiOnsicGFkZGluZy1yaWdodCI6IjEwIiwicGFkZGluZy1sZWZ0IjoiMTAifX19&#8243; mobile_bg_img_hidden=&#8221;no&#8221; tablet_bg_img_hidden=&#8221;no&#8221; woodmart_parallax=&#8221;0&#8243; woodmart_gradient_switch=&#8221;no&#8221; woodmart_box_shadow=&#8221;no&#8221; wd_z_index=&#8221;no&#8221; woodmart_disable_overflow=&#8221;0&#8243; row_reverse_mobile=&#8221;0&#8243; row_reverse_tablet=&#8221;0&#8243;][vc_column][vc_column_text]Lindquist Heating AB sells wood and pellet-fired heating equipment. Our leading products are cast iron heating boilers for wood and pellets, as well as pellet burners produced in-house. We also sell a wide range of accessories, such as accumulator tanks, charging equipment and chimneys, etc.<\/p>\n<p>Our aim is to maintain a high level of service combined with rapid deliveries and expert advice for planning heating systems.<\/p>\n<p>Our philosophy as regards our products is that they should maintain high levels of quality, service life and operational reliability, beyond what is normal yet at a low price.<\/p>\n<p>History Lindquist Heating was founded in Kode in 1998 when the agency for Viadrus cast iron boilers was obtained.<\/p>\n<p>In 2005, the company changed owners and was converted to a limited liability company. It also relocated to Bor\u00e5s\/Sj\u00f6marken.<\/p>\n<p>In 2007, we were awarded the agency for Dakon cast iron boilers, who were the first to launch a cast iron pyrolitic wood boiler. The product was unfortunately discontinued after a few years, due to the foundry being shut down. As a result, we now only sell spare parts from Dakon.<\/p>\n<p>In 2012, we acquired the constituent parts of Roslagsbr\u00e4nnaren Sweden Ab in \u00d6sthammar, which had been building and developing pellet burners since 1992. Through this acquisition we took over the manufacturing, storage and sale of the burners, and we moved the operation to our premises in Sj\u00f6marken, near Bor\u00e5s.[\/vc_column_text][\/vc_column][\/vc_row]<\/p>\n<\/div>","protected":false},"excerpt":{"rendered":"<p>[vc_row css=&#8221;.vc_custom_1725524469371{padding-right: 60px !important;padding-left: 60px !important;}&#8221; woodmart_css_id=&#8221;66d969ee9b65f&#8221; responsive_spacing=&#8221;eyJwYXJhbV90eXBlIjoid29vZG1hcnRfcmVzcG9uc2l2ZV9zcGFjaW5nIiwic2VsZWN0b3JfaWQiOiI2NmQ5NjllZTliNjVmIiwic2hvcnRjb2RlIjoidmNfcm93IiwiZGF0YSI6eyJ0YWJsZXQiOnt9LCJtb2JpbGUiOnsicGFkZGluZy1yaWdodCI6IjEwIiwicGFkZGluZy1sZWZ0IjoiMTAifX19&#8243; mobile_bg_img_hidden=&#8221;no&#8221; tablet_bg_img_hidden=&#8221;no&#8221; woodmart_parallax=&#8221;0&#8243; woodmart_gradient_switch=&#8221;no&#8221; woodmart_box_shadow=&#8221;no&#8221; wd_z_index=&#8221;no&#8221; woodmart_disable_overflow=&#8221;0&#8243; row_reverse_mobile=&#8221;0&#8243; row_reverse_tablet=&#8221;0&#8243;][vc_column][vc_column_text]Lindquist Heating AB sells<\/p>\n","protected":false},"author":8,"featured_media":0,"parent":0,"menu_order":3,"comment_status":"closed","ping_status":"closed","template":"","meta":{"_acf_changed":false,"footnotes":""},"class_list":["post-2331","page","type-page","status-publish","hentry"],"acf":[],"yoast_head":"<!-- This site is optimized with the Yoast SEO plugin v27.4 - https:\/\/yoast.com\/product\/yoast-seo-wordpress\/ -->\n<title>Company - Lindquist Heating AB<\/title>\n<meta name=\"robots\" content=\"index, follow, max-snippet:-1, max-image-preview:large, max-video-preview:-1\" \/>\n<link rel=\"canonical\" href=\"https:\/\/www.lindquistheating.se\/en\/company\/\" \/>\n<meta property=\"og:locale\" content=\"en_US\" \/>\n<meta property=\"og:type\" content=\"article\" \/>\n<meta property=\"og:title\" content=\"Company - Lindquist Heating AB\" \/>\n<meta property=\"og:description\" content=\"[vc_row css=&#8221;.vc_custom_1725524469371{padding-right: 60px !important;padding-left: 60px !important;}&#8221; woodmart_css_id=&#8221;66d969ee9b65f&#8221; responsive_spacing=&#8221;eyJwYXJhbV90eXBlIjoid29vZG1hcnRfcmVzcG9uc2l2ZV9zcGFjaW5nIiwic2VsZWN0b3JfaWQiOiI2NmQ5NjllZTliNjVmIiwic2hvcnRjb2RlIjoidmNfcm93IiwiZGF0YSI6eyJ0YWJsZXQiOnt9LCJtb2JpbGUiOnsicGFkZGluZy1yaWdodCI6IjEwIiwicGFkZGluZy1sZWZ0IjoiMTAifX19&#8243; mobile_bg_img_hidden=&#8221;no&#8221; tablet_bg_img_hidden=&#8221;no&#8221; woodmart_parallax=&#8221;0&#8243; woodmart_gradient_switch=&#8221;no&#8221; woodmart_box_shadow=&#8221;no&#8221; wd_z_index=&#8221;no&#8221; woodmart_disable_overflow=&#8221;0&#8243; row_reverse_mobile=&#8221;0&#8243; row_reverse_tablet=&#8221;0&#8243;][vc_column][vc_column_text]Lindquist Heating AB sells\" \/>\n<meta property=\"og:url\" content=\"https:\/\/www.lindquistheating.se\/en\/company\/\" \/>\n<meta property=\"og:site_name\" content=\"Lindquist Heating AB\" \/>\n<meta property=\"article:modified_time\" content=\"2024-09-09T07:44:51+00:00\" \/>\n<meta name=\"twitter:card\" content=\"summary_large_image\" \/>\n<meta name=\"twitter:label1\" content=\"Est. reading time\" \/>\n\t<meta name=\"twitter:data1\" content=\"2 minutes\" \/>\n<script type=\"application\/ld+json\" class=\"yoast-schema-graph\">{\"@context\":\"https:\\\/\\\/schema.org\",\"@graph\":[{\"@type\":\"WebPage\",\"@id\":\"https:\\\/\\\/www.lindquistheating.se\\\/en\\\/company\\\/\",\"url\":\"https:\\\/\\\/www.lindquistheating.se\\\/en\\\/company\\\/\",\"name\":\"Company - Lindquist Heating AB\",\"isPartOf\":{\"@id\":\"https:\\\/\\\/www.lindquistheating.se\\\/#website\"},\"datePublished\":\"2015-11-23T09:18:40+00:00\",\"dateModified\":\"2024-09-09T07:44:51+00:00\",\"breadcrumb\":{\"@id\":\"https:\\\/\\\/www.lindquistheating.se\\\/en\\\/company\\\/#breadcrumb\"},\"inLanguage\":\"en-US\",\"potentialAction\":[{\"@type\":\"ReadAction\",\"target\":[\"https:\\\/\\\/www.lindquistheating.se\\\/en\\\/company\\\/\"]}]},{\"@type\":\"BreadcrumbList\",\"@id\":\"https:\\\/\\\/www.lindquistheating.se\\\/en\\\/company\\\/#breadcrumb\",\"itemListElement\":[{\"@type\":\"ListItem\",\"position\":1,\"name\":\"Hem\",\"item\":\"https:\\\/\\\/www.lindquistheating.se\\\/en\\\/\"},{\"@type\":\"ListItem\",\"position\":2,\"name\":\"Company\"}]},{\"@type\":\"WebSite\",\"@id\":\"https:\\\/\\\/www.lindquistheating.se\\\/#website\",\"url\":\"https:\\\/\\\/www.lindquistheating.se\\\/\",\"name\":\"Lindquist Heating AB\",\"description\":\"&quot;N\u00e4r pris och livsl\u00e4ngd f\u00e5r avg\u00f6ra&quot;\",\"publisher\":{\"@id\":\"https:\\\/\\\/www.lindquistheating.se\\\/#organization\"},\"potentialAction\":[{\"@type\":\"SearchAction\",\"target\":{\"@type\":\"EntryPoint\",\"urlTemplate\":\"https:\\\/\\\/www.lindquistheating.se\\\/?s={search_term_string}\"},\"query-input\":{\"@type\":\"PropertyValueSpecification\",\"valueRequired\":true,\"valueName\":\"search_term_string\"}}],\"inLanguage\":\"en-US\"},{\"@type\":\"Organization\",\"@id\":\"https:\\\/\\\/www.lindquistheating.se\\\/#organization\",\"name\":\"Lindquist Heating AB\",\"url\":\"https:\\\/\\\/www.lindquistheating.se\\\/\",\"logo\":{\"@type\":\"ImageObject\",\"inLanguage\":\"en-US\",\"@id\":\"https:\\\/\\\/www.lindquistheating.se\\\/#\\\/schema\\\/logo\\\/image\\\/\",\"url\":\"https:\\\/\\\/www.lindquistheating.se\\\/wp-content\\\/uploads\\\/2020\\\/03\\\/lindquistheating-logo.png\",\"contentUrl\":\"https:\\\/\\\/www.lindquistheating.se\\\/wp-content\\\/uploads\\\/2020\\\/03\\\/lindquistheating-logo.png\",\"width\":320,\"height\":64,\"caption\":\"Lindquist Heating AB\"},\"image\":{\"@id\":\"https:\\\/\\\/www.lindquistheating.se\\\/#\\\/schema\\\/logo\\\/image\\\/\"}}]}<\/script>\n<!-- \/ Yoast SEO plugin. -->","yoast_head_json":{"title":"Company - Lindquist Heating AB","robots":{"index":"index","follow":"follow","max-snippet":"max-snippet:-1","max-image-preview":"max-image-preview:large","max-video-preview":"max-video-preview:-1"},"canonical":"https:\/\/www.lindquistheating.se\/en\/company\/","og_locale":"en_US","og_type":"article","og_title":"Company - Lindquist Heating AB","og_description":"[vc_row css=&#8221;.vc_custom_1725524469371{padding-right: 60px !important;padding-left: 60px !important;}&#8221; woodmart_css_id=&#8221;66d969ee9b65f&#8221; responsive_spacing=&#8221;eyJwYXJhbV90eXBlIjoid29vZG1hcnRfcmVzcG9uc2l2ZV9zcGFjaW5nIiwic2VsZWN0b3JfaWQiOiI2NmQ5NjllZTliNjVmIiwic2hvcnRjb2RlIjoidmNfcm93IiwiZGF0YSI6eyJ0YWJsZXQiOnt9LCJtb2JpbGUiOnsicGFkZGluZy1yaWdodCI6IjEwIiwicGFkZGluZy1sZWZ0IjoiMTAifX19&#8243; mobile_bg_img_hidden=&#8221;no&#8221; tablet_bg_img_hidden=&#8221;no&#8221; woodmart_parallax=&#8221;0&#8243; woodmart_gradient_switch=&#8221;no&#8221; woodmart_box_shadow=&#8221;no&#8221; wd_z_index=&#8221;no&#8221; woodmart_disable_overflow=&#8221;0&#8243; row_reverse_mobile=&#8221;0&#8243; row_reverse_tablet=&#8221;0&#8243;][vc_column][vc_column_text]Lindquist Heating AB sells","og_url":"https:\/\/www.lindquistheating.se\/en\/company\/","og_site_name":"Lindquist Heating AB","article_modified_time":"2024-09-09T07:44:51+00:00","twitter_card":"summary_large_image","twitter_misc":{"Est. reading time":"2 minutes"},"schema":{"@context":"https:\/\/schema.org","@graph":[{"@type":"WebPage","@id":"https:\/\/www.lindquistheating.se\/en\/company\/","url":"https:\/\/www.lindquistheating.se\/en\/company\/","name":"Company - Lindquist Heating AB","isPartOf":{"@id":"https:\/\/www.lindquistheating.se\/#website"},"datePublished":"2015-11-23T09:18:40+00:00","dateModified":"2024-09-09T07:44:51+00:00","breadcrumb":{"@id":"https:\/\/www.lindquistheating.se\/en\/company\/#breadcrumb"},"inLanguage":"en-US","potentialAction":[{"@type":"ReadAction","target":["https:\/\/www.lindquistheating.se\/en\/company\/"]}]},{"@type":"BreadcrumbList","@id":"https:\/\/www.lindquistheating.se\/en\/company\/#breadcrumb","itemListElement":[{"@type":"ListItem","position":1,"name":"Hem","item":"https:\/\/www.lindquistheating.se\/en\/"},{"@type":"ListItem","position":2,"name":"Company"}]},{"@type":"WebSite","@id":"https:\/\/www.lindquistheating.se\/#website","url":"https:\/\/www.lindquistheating.se\/","name":"Lindquist Heating AB","description":"&quot;N\u00e4r pris och livsl\u00e4ngd f\u00e5r avg\u00f6ra&quot;","publisher":{"@id":"https:\/\/www.lindquistheating.se\/#organization"},"potentialAction":[{"@type":"SearchAction","target":{"@type":"EntryPoint","urlTemplate":"https:\/\/www.lindquistheating.se\/?s={search_term_string}"},"query-input":{"@type":"PropertyValueSpecification","valueRequired":true,"valueName":"search_term_string"}}],"inLanguage":"en-US"},{"@type":"Organization","@id":"https:\/\/www.lindquistheating.se\/#organization","name":"Lindquist Heating AB","url":"https:\/\/www.lindquistheating.se\/","logo":{"@type":"ImageObject","inLanguage":"en-US","@id":"https:\/\/www.lindquistheating.se\/#\/schema\/logo\/image\/","url":"https:\/\/www.lindquistheating.se\/wp-content\/uploads\/2020\/03\/lindquistheating-logo.png","contentUrl":"https:\/\/www.lindquistheating.se\/wp-content\/uploads\/2020\/03\/lindquistheating-logo.png","width":320,"height":64,"caption":"Lindquist Heating AB"},"image":{"@id":"https:\/\/www.lindquistheating.se\/#\/schema\/logo\/image\/"}}]}},"_links":{"self":[{"href":"https:\/\/www.lindquistheating.se\/en\/wp-json\/wp\/v2\/pages\/2331","targetHints":{"allow":["GET"]}}],"collection":[{"href":"https:\/\/www.lindquistheating.se\/en\/wp-json\/wp\/v2\/pages"}],"about":[{"href":"https:\/\/www.lindquistheating.se\/en\/wp-json\/wp\/v2\/types\/page"}],"author":[{"embeddable":true,"href":"https:\/\/www.lindquistheating.se\/en\/wp-json\/wp\/v2\/users\/8"}],"replies":[{"embeddable":true,"href":"https:\/\/www.lindquistheating.se\/en\/wp-json\/wp\/v2\/comments?post=2331"}],"version-history":[{"count":2,"href":"https:\/\/www.lindquistheating.se\/en\/wp-json\/wp\/v2\/pages\/2331\/revisions"}],"predecessor-version":[{"id":11664,"href":"https:\/\/www.lindquistheating.se\/en\/wp-json\/wp\/v2\/pages\/2331\/revisions\/11664"}],"wp:attachment":[{"href":"https:\/\/www.lindquistheating.se\/en\/wp-json\/wp\/v2\/media?parent=2331"}],"curies":[{"name":"wp","href":"https:\/\/api.w.org\/{rel}","templated":true}]}}